{"id":2311,"date":"2025-01-12T19:54:24","date_gmt":"2025-01-12T19:54:24","guid":{"rendered":"https:\/\/viada.com\/?page_id=2311"},"modified":"2025-09-05T09:08:48","modified_gmt":"2025-09-05T09:08:48","slug":"sustainability","status":"publish","type":"page","link":"https:\/\/viada.com\/en\/quienes-somos\/sostenibilidad\/","title":{"rendered":"Sustainability"},"content":{"rendered":"<div data-elementor-type=\"wp-page\" data-elementor-id=\"2311\" class=\"elementor elementor-2311\" data-elementor-post-type=\"page\">\n\t\t\t\t\t\t<section class=\"elementor-section elementor-top-section elementor-element elementor-element-7d6d2d90 elementor-section-boxed elementor-section-height-default elementor-section-height-default\" data-id=\"7d6d2d90\" data-element_type=\"section\" data-e-type=\"section\">\n\t\t\t\t\t\t<div class=\"elementor-container elementor-column-gap-default\">\n\t\t\t\t\t<div class=\"elementor-column elementor-col-50 elementor-top-column elementor-element elementor-element-70f701e6\" data-id=\"70f701e6\" data-element_type=\"column\" data-e-type=\"column\">\n\t\t\t<div class=\"elementor-widget-wrap elementor-element-populated\">\n\t\t\t\t\t\t<div class=\"elementor-element elementor-element-208c2c8 elementor-widget elementor-widget-heading\" data-id=\"208c2c8\" data-element_type=\"widget\" data-e-type=\"widget\" data-widget_type=\"heading.default\">\n\t\t\t\t<div class=\"elementor-widget-container\">\n\t\t\t\t\t<h1 class=\"elementor-heading-title elementor-size-default\">Viada Ltd: Committed to Sustainable Tourism<\/h1>\t\t\t\t<\/div>\n\t\t\t\t<\/div>\n\t\t\t\t<div class=\"elementor-element elementor-element-18b9a3e4 elementor-widget elementor-widget-text-editor\" data-id=\"18b9a3e4\" data-element_type=\"widget\" data-e-type=\"widget\" data-widget_type=\"text-editor.default\">\n\t\t\t\t<div class=\"elementor-widget-container\">\n\t\t\t\t\t\t\t\t\t<p>At Viada Ltd, sustainability is at the heart of everything we do. As a forward-thinking travel and tourism company, we understand the importance of protecting our planet and promoting responsible travel practices. This commitment drives us to continually assess, refine and innovate our operations to minimise environmental impact and improve the well-being of the communities we serve.<\/p>\t\t\t\t\t\t\t\t<\/div>\n\t\t\t\t<\/div>\n\t\t\t\t\t<\/div>\n\t\t<\/div>\n\t\t\t\t<div class=\"elementor-column elementor-col-50 elementor-top-column elementor-element elementor-element-7d128a3a elementor-hidden-mobile\" data-id=\"7d128a3a\" data-element_type=\"column\" data-e-type=\"column\">\n\t\t\t<div class=\"elementor-widget-wrap elementor-element-populated\">\n\t\t\t\t\t\t<div class=\"elementor-element elementor-element-54502be1 elementor-widget elementor-widget-image\" data-id=\"54502be1\" data-element_type=\"widget\" data-e-type=\"widget\" data-widget_type=\"image.default\">\n\t\t\t\t<div class=\"elementor-widget-container\">\n\t\t\t\t\t\t\t\t\t\t\t\t\t\t\t\t<a href=\"https:\/\/viada.com\/wp-content\/uploads\/2025\/01\/IMG20220725182730-scaled-1.jpg\" data-elementor-open-lightbox=\"yes\" data-elementor-lightbox-title=\"Excursiones en Finlandia\" data-e-action-hash=\"#elementor-action%3Aaction%3Dlightbox%26settings%3DeyJpZCI6MjI5NywidXJsIjoiaHR0cHM6XC9cL3ZpYWRhLmNvbVwvd3AtY29udGVudFwvdXBsb2Fkc1wvMjAyNVwvMDFcL0lNRzIwMjIwNzI1MTgyNzMwLXNjYWxlZC0xLmpwZyJ9\">\n\t\t\t\t\t\t\t<img fetchpriority=\"high\" decoding=\"async\" width=\"2560\" height=\"1441\" src=\"https:\/\/viada.com\/wp-content\/uploads\/2025\/01\/IMG20220725182730-scaled-1.jpg\" class=\"attachment-full size-full wp-image-2297\" alt=\"Excrusions in Finland\" srcset=\"https:\/\/viada.com\/wp-content\/uploads\/2025\/01\/IMG20220725182730-scaled-1.jpg 2560w, https:\/\/viada.com\/wp-content\/uploads\/2025\/01\/IMG20220725182730-scaled-1-300x169.jpg 300w, https:\/\/viada.com\/wp-content\/uploads\/2025\/01\/IMG20220725182730-scaled-1-1024x576.jpg 1024w, https:\/\/viada.com\/wp-content\/uploads\/2025\/01\/IMG20220725182730-scaled-1-768x432.jpg 768w, https:\/\/viada.com\/wp-content\/uploads\/2025\/01\/IMG20220725182730-scaled-1-1536x865.jpg 1536w, https:\/\/viada.com\/wp-content\/uploads\/2025\/01\/IMG20220725182730-scaled-1-2048x1153.jpg 2048w\" sizes=\"(max-width: 2560px) 100vw, 2560px\" \/>\t\t\t\t\t\t\t\t<\/a>\n\t\t\t\t\t\t\t\t\t\t\t\t\t\t\t<\/div>\n\t\t\t\t<\/div>\n\t\t\t\t\t<\/div>\n\t\t<\/div>\n\t\t\t\t\t<\/div>\n\t\t<\/section>\n\t\t\t\t<section class=\"elementor-section elementor-top-section elementor-element elementor-element-57bc11f6 elementor-section-boxed elementor-section-height-default elementor-section-height-default\" data-id=\"57bc11f6\" data-element_type=\"section\" data-e-type=\"section\">\n\t\t\t\t\t\t<div class=\"elementor-container elementor-column-gap-default\">\n\t\t\t\t\t<div class=\"elementor-column elementor-col-100 elementor-top-column elementor-element elementor-element-18dc9a9b\" data-id=\"18dc9a9b\" data-element_type=\"column\" data-e-type=\"column\">\n\t\t\t<div class=\"elementor-widget-wrap elementor-element-populated\">\n\t\t\t\t\t\t<div class=\"elementor-element elementor-element-0dc7f60 elementor-widget elementor-widget-heading\" data-id=\"0dc7f60\" data-element_type=\"widget\" data-e-type=\"widget\" data-widget_type=\"heading.default\">\n\t\t\t\t<div class=\"elementor-widget-container\">\n\t\t\t\t\t<h2 class=\"elementor-heading-title elementor-size-default\">Obtaining the Good Travel Seal<\/h2>\t\t\t\t<\/div>\n\t\t\t\t<\/div>\n\t\t\t\t<div class=\"elementor-element elementor-element-67e127bb elementor-widget elementor-widget-text-editor\" data-id=\"67e127bb\" data-element_type=\"widget\" data-e-type=\"widget\" data-widget_type=\"text-editor.default\">\n\t\t\t\t<div class=\"elementor-widget-container\">\n\t\t\t\t\t\t\t\t\t<p>We are proud to have been awarded with the prestigious <strong>Good Travel Stamp<\/strong>a globally recognised certification in sustainable tourism. This seal is a testament to our rigorous sustainability efforts in several key areas, including:<\/p><ul><li><strong>Environmental Management:<\/strong> We actively reduce our carbon footprint by adopting energy efficient practices, minimising waste and promoting the use of renewable energy sources.<\/li><li><strong>Social Responsibility:<\/strong> We work closely with local communities, supporting their economies and preserving their cultural heritage by promoting authentic, local experiences.<\/li><li><strong>Ethical Business Practices:<\/strong> Transparency, integrity and respect for human rights guide our interactions with partners, customers and employees.<\/li><\/ul><p>The Good Travel Seal demonstrates that our operations meet the highest standards of sustainability, ensuring that travellers who choose Viada Ltd are confident that they are having a positive impact on the environment and society.<\/p>\t\t\t\t\t\t\t\t<\/div>\n\t\t\t\t<\/div>\n\t\t\t\t<div class=\"elementor-element elementor-element-7ce795a elementor-widget elementor-widget-heading\" data-id=\"7ce795a\" data-element_type=\"widget\" data-e-type=\"widget\" data-widget_type=\"heading.default\">\n\t\t\t\t<div class=\"elementor-widget-container\">\n\t\t\t\t\t<h2 class=\"elementor-heading-title elementor-size-default\">On the Road to Sustainable Travel Finland<\/h2>\t\t\t\t<\/div>\n\t\t\t\t<\/div>\n\t\t\t\t<div class=\"elementor-element elementor-element-3f5e626 elementor-widget elementor-widget-text-editor\" data-id=\"3f5e626\" data-element_type=\"widget\" data-e-type=\"widget\" data-widget_type=\"text-editor.default\">\n\t\t\t\t<div class=\"elementor-widget-container\">\n\t\t\t\t\t\t\t\t\t<p>In addition to the Good Travel Seal, we are in the process of obtaining the <strong>Sustainable Travel Finland (STF) label<\/strong>. This recognition distinguishes tourism companies in Finland that have demonstrated a long-term commitment to sustainability. The STF process involves a comprehensive assessment of our business practices, from environmental conservation to the promotion of responsible tourism.<\/p><p>At Viada Ltd, we are dedicated to meeting these strict criteria and are implementing sustainable strategies that include:<\/p><ul><li><strong>Carbon Neutrality Targets:<\/strong> We aim to reduce and offset carbon emissions across our operations by adopting best practice in transport, accommodation and energy consumption.<\/li><li><strong>Circular Economy:<\/strong> We focus on waste reduction by implementing recycling programmes, promoting reusable materials and minimising the use of single-use plastics in our services.<\/li><li><strong>Collaboration with Local Communities:<\/strong> We actively collaborate with local businesses and artisans to create authentic, eco-friendly travel experiences that benefit local economies and encourage cultural exchange.<\/li><\/ul><p>Earning the Sustainable Travel Finland label will further affirm our unwavering commitment to environmental protection and responsible tourism. It will also give travellers greater confidence in our services, knowing that they are contributing to a greener and more sustainable future.<\/p>\t\t\t\t\t\t\t\t<\/div>\n\t\t\t\t<\/div>\n\t\t\t\t<div class=\"elementor-element elementor-element-ea3cdf5 elementor-widget elementor-widget-heading\" data-id=\"ea3cdf5\" data-element_type=\"widget\" data-e-type=\"widget\" data-widget_type=\"heading.default\">\n\t\t\t\t<div class=\"elementor-widget-container\">\n\t\t\t\t\t<h2 class=\"elementor-heading-title elementor-size-default\">Our Vision for the Future<\/h2>\t\t\t\t<\/div>\n\t\t\t\t<\/div>\n\t\t\t\t<div class=\"elementor-element elementor-element-cbcff69 elementor-widget elementor-widget-text-editor\" data-id=\"cbcff69\" data-element_type=\"widget\" data-e-type=\"widget\" data-widget_type=\"text-editor.default\">\n\t\t\t\t<div class=\"elementor-widget-container\">\n\t\t\t\t\t\t\t\t\t<p>At Viada Ltd, we see sustainability not just as a requirement, but as an opportunity to set an example in the travel industry. Our vision for the future is one where travel brings joy and inspiration while preserving the world's natural and cultural treasures for future generations.<\/p><p>By continuing to push the boundaries of sustainability through innovative practices, collaboration with partners and compliance with international standards, we strive to be a catalyst for positive change in the tourism industry.<\/p><p>Together, let's create a more sustainable and responsible way to explore the world.<\/p>\t\t\t\t\t\t\t\t<\/div>\n\t\t\t\t<\/div>\n\t\t\t\t<div class=\"elementor-element elementor-element-3fd5ce30 elementor-widget elementor-widget-text-editor\" data-id=\"3fd5ce30\" data-element_type=\"widget\" data-e-type=\"widget\" data-widget_type=\"text-editor.default\">\n\t\t\t\t<div class=\"elementor-widget-container\">\n\t\t\t\t\t\t\t\t\t<h2 style=\"text-align: center;\"><strong>INFORMATION ABOUT FINLAND<\/strong><\/h2><p style=\"text-align: center;\"><strong>Blog<\/strong> \u2013 <strong><a href=\"https:\/\/cuadernosdefinlandia.com\/\" target=\"_blank\" rel=\"noopener\">Finland Notebooks<\/a><\/strong><\/p>\t\t\t\t\t\t\t\t<\/div>\n\t\t\t\t<\/div>\n\t\t\t\t\t<\/div>\n\t\t<\/div>\n\t\t\t\t\t<\/div>\n\t\t<\/section>\n\t\t\t\t<\/div>","protected":false},"excerpt":{"rendered":"<p>Viada Ltd: Comprometidos con el Turismo Sostenible En Viada Ltd, la sostenibilidad es el n\u00facleo de todo lo que hacemos. Como una empresa de turismo y viajes con visi\u00f3n de futuro, entendemos la importancia de proteger nuestro planeta y promover pr\u00e1cticas de viaje responsables. Este compromiso nos impulsa a evaluar, perfeccionar e innovar continuamente nuestras [&hellip;]<\/p>\n","protected":false},"author":4,"featured_media":0,"parent":32,"menu_order":0,"comment_status":"closed","ping_status":"closed","template":"","meta":{"_acf_changed":false,"site-sidebar-layout":"no-sidebar","site-content-layout":"page-builder","ast-site-content-layout":"full-width-container","site-content-style":"default","site-sidebar-style":"default","ast-global-header-display":"","ast-banner-title-visibility":"","ast-main-header-display":"","ast-hfb-above-header-display":"","ast-hfb-below-header-display":"","ast-hfb-mobile-header-display":"","site-post-title":"disabled","ast-breadcrumbs-content":"","ast-featured-img":"disabled","footer-sml-layout":"","ast-disable-related-posts":"","theme-transparent-header-meta":"default","adv-header-id-meta":"","stick-header-meta":"","header-above-stick-meta":"","header-main-stick-meta":"","header-below-stick-meta":"","astra-migrate-meta-layouts":"set","ast-page-background-enabled":"default","ast-page-background-meta":{"desktop":{"background-color":"","background-image":"","background-repeat":"repeat","background-position":"center center","background-size":"auto","background-attachment":"scroll","background-type":"","background-media":"","overlay-type":"","overlay-color":"","overlay-opacity":"","overlay-gradient":""},"tablet":{"background-color":"","background-image":"","background-repeat":"repeat","background-position":"center center","background-size":"auto","background-attachment":"scroll","background-type":"","background-media":"","overlay-type":"","overlay-color":"","overlay-opacity":"","overlay-gradient":""},"mobile":{"background-color":"","background-image":"","background-repeat":"repeat","background-position":"center center","background-size":"auto","background-attachment":"scroll","background-type":"","background-media":"","overlay-type":"","overlay-color":"","overlay-opacity":"","overlay-gradient":""}},"ast-content-background-meta":{"desktop":{"background-color":"var(--ast-global-color-5)","background-image":"","background-repeat":"repeat","background-position":"center center","background-size":"auto","background-attachment":"scroll","background-type":"","background-media":"","overlay-type":"","overlay-color":"","overlay-opacity":"","overlay-gradient":""},"tablet":{"background-color":"var(--ast-global-color-5)","background-image":"","background-repeat":"repeat","background-position":"center center","background-size":"auto","background-attachment":"scroll","background-type":"","background-media":"","overlay-type":"","overlay-color":"","overlay-opacity":"","overlay-gradient":""},"mobile":{"background-color":"var(--ast-global-color-5)","background-image":"","background-repeat":"repeat","background-position":"center center","background-size":"auto","background-attachment":"scroll","background-type":"","background-media":"","overlay-type":"","overlay-color":"","overlay-opacity":"","overlay-gradient":""}},"_joinchat":[],"footnotes":""},"categories":[],"tags":[],"class_list":["post-2311","page","type-page","status-publish","hentry"],"acf":[],"_links":{"self":[{"href":"https:\/\/viada.com\/en\/wp-json\/wp\/v2\/pages\/2311","targetHints":{"allow":["GET"]}}],"collection":[{"href":"https:\/\/viada.com\/en\/wp-json\/wp\/v2\/pages"}],"about":[{"href":"https:\/\/viada.com\/en\/wp-json\/wp\/v2\/types\/page"}],"author":[{"embeddable":true,"href":"https:\/\/viada.com\/en\/wp-json\/wp\/v2\/users\/4"}],"replies":[{"embeddable":true,"href":"https:\/\/viada.com\/en\/wp-json\/wp\/v2\/comments?post=2311"}],"version-history":[{"count":1,"href":"https:\/\/viada.com\/en\/wp-json\/wp\/v2\/pages\/2311\/revisions"}],"predecessor-version":[{"id":4497,"href":"https:\/\/viada.com\/en\/wp-json\/wp\/v2\/pages\/2311\/revisions\/4497"}],"up":[{"embeddable":true,"href":"https:\/\/viada.com\/en\/wp-json\/wp\/v2\/pages\/32"}],"wp:attachment":[{"href":"https:\/\/viada.com\/en\/wp-json\/wp\/v2\/media?parent=2311"}],"wp:term":[{"taxonomy":"category","embeddable":true,"href":"https:\/\/viada.com\/en\/wp-json\/wp\/v2\/categories?post=2311"},{"taxonomy":"post_tag","embeddable":true,"href":"https:\/\/viada.com\/en\/wp-json\/wp\/v2\/tags?post=2311"}],"curies":[{"name":"wp","href":"https:\/\/api.w.org\/{rel}","templated":true}]}}