{"id":32,"date":"2021-03-25T10:23:33","date_gmt":"2021-03-25T10:23:33","guid":{"rendered":"https:\/\/webudevelop.hostaan.store\/viada.com\/?page_id=32"},"modified":"2026-02-03T09:37:05","modified_gmt":"2026-02-03T09:37:05","slug":"who-we-are","status":"publish","type":"page","link":"https:\/\/viada.com\/en\/quienes-somos\/","title":{"rendered":"Who we are"},"content":{"rendered":"<div data-elementor-type=\"wp-page\" data-elementor-id=\"32\" class=\"elementor elementor-32\" data-elementor-post-type=\"page\">\n\t\t\t\t\t\t<section class=\"elementor-section elementor-top-section elementor-element elementor-element-7a47d2bb elementor-section-height-min-height elementor-section-stretched elementor-section-boxed elementor-section-height-default elementor-section-items-middle\" data-id=\"7a47d2bb\" data-element_type=\"section\" data-e-type=\"section\" data-settings=\"{&quot;background_background&quot;:&quot;classic&quot;,&quot;stretch_section&quot;:&quot;section-stretched&quot;}\">\n\t\t\t\t\t\t\t<div class=\"elementor-background-overlay\"><\/div>\n\t\t\t\t\t\t\t<div class=\"elementor-container elementor-column-gap-default\">\n\t\t\t\t\t<div class=\"elementor-column elementor-col-100 elementor-top-column elementor-element elementor-element-634872e1\" data-id=\"634872e1\" data-element_type=\"column\" data-e-type=\"column\">\n\t\t\t<div class=\"elementor-widget-wrap elementor-element-populated\">\n\t\t\t\t\t\t<div class=\"elementor-element elementor-element-705ad303 elementor-widget elementor-widget-heading\" data-id=\"705ad303\" data-element_type=\"widget\" data-e-type=\"widget\" data-widget_type=\"heading.default\">\n\t\t\t\t<div class=\"elementor-widget-container\">\n\t\t\t\t\t<h1 class=\"elementor-heading-title elementor-size-default\">Viada - Personalised Travel Experiences in Finland and Lapland<\/h1>\t\t\t\t<\/div>\n\t\t\t\t<\/div>\n\t\t\t\t<div class=\"elementor-element elementor-element-112bbf32 elementor-widget elementor-widget-text-editor\" data-id=\"112bbf32\" data-element_type=\"widget\" data-e-type=\"widget\" data-widget_type=\"text-editor.default\">\n\t\t\t\t<div class=\"elementor-widget-container\">\n\t\t\t\t\t\t\t\t\t<h3 data-pm-slice=\"1 1 []\"><strong>WHO WE ARE<\/strong><\/h3><p data-pm-slice=\"1 1 []\">Viada offers <strong>customised inbound travel services<\/strong> in Finland and Lapland, designing <strong>tailor-made itineraries<\/strong> for individuals, groups and companies. Whether it is a <strong>arctic adventure, a cultural tour or a corporate event<\/strong>We guarantee a smooth and unforgettable experience.<\/p><p>From the <strong>exclusive travel planning to luxury incentives<\/strong>Viada combines experience and passion to create <strong>exceptional journeys<\/strong>. Let us realise your vision with a personalised and dedicated approach.<\/p>\t\t\t\t\t\t\t\t<\/div>\n\t\t\t\t<\/div>\n\t\t\t\t\t<\/div>\n\t\t<\/div>\n\t\t\t\t\t<\/div>\n\t\t<\/section>\n\t\t\t\t<section class=\"elementor-section elementor-top-section elementor-element elementor-element-384e6fcf elementor-section-boxed elementor-section-height-default elementor-section-height-default\" data-id=\"384e6fcf\" data-element_type=\"section\" data-e-type=\"section\">\n\t\t\t\t\t\t<div class=\"elementor-container elementor-column-gap-default\">\n\t\t\t\t\t<div class=\"elementor-column elementor-col-100 elementor-top-column elementor-element elementor-element-2f610ed0\" data-id=\"2f610ed0\" data-element_type=\"column\" data-e-type=\"column\">\n\t\t\t<div class=\"elementor-widget-wrap elementor-element-populated\">\n\t\t\t\t\t\t<div class=\"elementor-element elementor-element-5e9b476 elementor-widget elementor-widget-heading\" data-id=\"5e9b476\" data-element_type=\"widget\" data-e-type=\"widget\" data-widget_type=\"heading.default\">\n\t\t\t\t<div class=\"elementor-widget-container\">\n\t\t\t\t\t<h1 class=\"elementor-heading-title elementor-size-default\">Who are we?<\/h1>\t\t\t\t<\/div>\n\t\t\t\t<\/div>\n\t\t\t\t<div class=\"elementor-element elementor-element-71acf4d1 elementor-widget elementor-widget-text-editor\" data-id=\"71acf4d1\" data-element_type=\"widget\" data-e-type=\"widget\" data-widget_type=\"text-editor.default\">\n\t\t\t\t<div class=\"elementor-widget-container\">\n\t\t\t\t\t\t\t\t\t<h2><strong>Tours and excursions in Finland and Lapland<\/strong><\/h2><p dir=\"auto\" data-pm-slice=\"1 1 []\">From Helsinki to Lapland, there is something for everyone! From tailor-made private tours to everything you need for a family holiday, we take care of everything. With a private driver, your own personal guide and expert knowledge of the surroundings, our tours are exciting but never overwhelming.<\/p><h5><span style=\"font-style: inherit;\"><b>Summer 2026 - tours and excursions with Spanish speaking guide<\/b><\/span><\/h5><ul><li><span style=\"font-style: inherit; font-weight: inherit;\"><strong><a href=\"https:\/\/viada.com\/es\/circuito-por-los-lagos-de-finlandia\/\">Tour of Finland's lakes<\/a>\u00a0<\/strong> with guaranteed departures<\/span><\/li><li>Sustainable Tour: Fascinating Cities and Lakes of Finland by Train<\/li><li><span style=\"font-style: inherit;\"><span style=\"font-weight: inherit;\"><strong>City tour of Helsinki<\/strong> with <strong>Spanish-speaking guide<\/strong><\/span><\/span><\/li><\/ul>\t\t\t\t\t\t\t\t<\/div>\n\t\t\t\t<\/div>\n\t\t\t\t\t<\/div>\n\t\t<\/div>\n\t\t\t\t\t<\/div>\n\t\t<\/section>\n\t\t\t\t<section class=\"elementor-section elementor-top-section elementor-element elementor-element-ed781e7 elementor-section-boxed elementor-section-height-default elementor-section-height-default\" data-id=\"ed781e7\" data-element_type=\"section\" data-e-type=\"section\">\n\t\t\t\t\t\t<div class=\"elementor-container elementor-column-gap-default\">\n\t\t\t\t\t<div class=\"elementor-column elementor-col-100 elementor-top-column elementor-element elementor-element-67cb4249\" data-id=\"67cb4249\" data-element_type=\"column\" data-e-type=\"column\">\n\t\t\t<div class=\"elementor-widget-wrap elementor-element-populated\">\n\t\t\t\t\t\t<div class=\"elementor-element elementor-element-2c748d5f elementor-widget elementor-widget-text-editor\" data-id=\"2c748d5f\" data-element_type=\"widget\" data-e-type=\"widget\" data-widget_type=\"text-editor.default\">\n\t\t\t\t<div class=\"elementor-widget-container\">\n\t\t\t\t\t\t\t\t\t<h2><strong>M.I.C.E - incentive travel &amp; events<\/strong><\/h2><p>Accommodation in glass igloos, charming hotels, local gastronomy, local culture.<br \/>Unforgettable programmes for groups or for your company's clients, incentive campaigns. <br \/><strong>Viada DMC<\/strong> has been producing experiences since 1993 that will surprise even the most experienced traveller.<\/p>\t\t\t\t\t\t\t\t<\/div>\n\t\t\t\t<\/div>\n\t\t\t\t\t<\/div>\n\t\t<\/div>\n\t\t\t\t\t<\/div>\n\t\t<\/section>\n\t\t\t\t<section class=\"elementor-section elementor-top-section elementor-element elementor-element-33faecd1 elementor-section-boxed elementor-section-height-default elementor-section-height-default\" data-id=\"33faecd1\" data-element_type=\"section\" data-e-type=\"section\">\n\t\t\t\t\t\t<div class=\"elementor-container elementor-column-gap-default\">\n\t\t\t\t\t<div class=\"elementor-column elementor-col-100 elementor-top-column elementor-element elementor-element-27a279ec\" data-id=\"27a279ec\" data-element_type=\"column\" data-e-type=\"column\">\n\t\t\t<div class=\"elementor-widget-wrap elementor-element-populated\">\n\t\t\t\t\t\t<div class=\"elementor-element elementor-element-59e3ee02 elementor-widget elementor-widget-text-editor\" data-id=\"59e3ee02\" data-element_type=\"widget\" data-e-type=\"widget\" data-widget_type=\"text-editor.default\">\n\t\t\t\t<div class=\"elementor-widget-container\">\n\t\t\t\t\t\t\t\t\t<h2><strong>Succeed in the Finnish market with your product or service<\/strong><\/h2><p>Services of <strong>consulting, sales, marketing<\/strong> and communication with more than 30 years of experience.<span style=\"color: #ffffff;\">e are<\/span><\/p>\t\t\t\t\t\t\t\t<\/div>\n\t\t\t\t<\/div>\n\t\t\t\t\t<\/div>\n\t\t<\/div>\n\t\t\t\t\t<\/div>\n\t\t<\/section>\n\t\t\t\t<section class=\"elementor-section elementor-top-section elementor-element elementor-element-5713573b elementor-section-boxed elementor-section-height-default elementor-section-height-default\" data-id=\"5713573b\" data-element_type=\"section\" data-e-type=\"section\">\n\t\t\t\t\t\t<div class=\"elementor-container elementor-column-gap-default\">\n\t\t\t\t\t<div class=\"elementor-column elementor-col-100 elementor-top-column elementor-element elementor-element-421fe736\" data-id=\"421fe736\" data-element_type=\"column\" data-e-type=\"column\">\n\t\t\t<div class=\"elementor-widget-wrap elementor-element-populated\">\n\t\t\t\t\t\t<div class=\"elementor-element elementor-element-288af47b elementor-widget elementor-widget-text-editor\" data-id=\"288af47b\" data-element_type=\"widget\" data-e-type=\"widget\" data-widget_type=\"text-editor.default\">\n\t\t\t\t<div class=\"elementor-widget-container\">\n\t\t\t\t\t\t\t\t\t<h2><strong>Blog about experiences in Finland<\/strong><\/h2><p>At <strong>Finland Notebooks<\/strong> we are lovers of this diverse country. Our goal is to tell you everything interesting, beautiful and useful about Finland. We know the destinations, places, routes, corners and stories, and we offer it all here. <br \/><a href=\"https:\/\/cuadernosdefinlandia.com\/\" target=\"_blank\" rel=\"noopener\"><strong>Read and enjoy!<\/strong><\/a><\/p>\t\t\t\t\t\t\t\t<\/div>\n\t\t\t\t<\/div>\n\t\t\t\t\t<\/div>\n\t\t<\/div>\n\t\t\t\t\t<\/div>\n\t\t<\/section>\n\t\t\t\t<section class=\"elementor-section elementor-top-section elementor-element elementor-element-f2fdde4 elementor-section-boxed elementor-section-height-default elementor-section-height-default\" data-id=\"f2fdde4\" data-element_type=\"section\" data-e-type=\"section\">\n\t\t\t\t\t\t<div class=\"elementor-container elementor-column-gap-default\">\n\t\t\t\t\t<div class=\"elementor-column elementor-col-100 elementor-top-column elementor-element elementor-element-aa6a317\" data-id=\"aa6a317\" data-element_type=\"column\" data-e-type=\"column\">\n\t\t\t<div class=\"elementor-widget-wrap elementor-element-populated\">\n\t\t\t\t\t\t<div class=\"elementor-element elementor-element-40e7bf7 elementor-widget elementor-widget-image\" data-id=\"40e7bf7\" data-element_type=\"widget\" data-e-type=\"widget\" data-widget_type=\"image.default\">\n\t\t\t\t<div class=\"elementor-widget-container\">\n\t\t\t\t\t\t\t\t\t\t\t\t\t\t\t\t<a href=\"https:\/\/viada.com\/en\/\">\n\t\t\t\t\t\t\t<img fetchpriority=\"high\" decoding=\"async\" width=\"1024\" height=\"289\" src=\"https:\/\/viada.com\/wp-content\/uploads\/2021\/06\/portada-1024x289.jpg\" class=\"attachment-large size-large wp-image-404\" alt=\"ABOUT US | VIADA\" srcset=\"https:\/\/viada.com\/wp-content\/uploads\/2021\/06\/portada-1024x289.jpg 1024w, https:\/\/viada.com\/wp-content\/uploads\/2021\/06\/portada-300x85.jpg 300w, https:\/\/viada.com\/wp-content\/uploads\/2021\/06\/portada-768x217.jpg 768w, https:\/\/viada.com\/wp-content\/uploads\/2021\/06\/portada-1536x433.jpg 1536w, https:\/\/viada.com\/wp-content\/uploads\/2021\/06\/portada-2048x578.jpg 2048w\" sizes=\"(max-width: 1024px) 100vw, 1024px\" \/>\t\t\t\t\t\t\t\t<\/a>\n\t\t\t\t\t\t\t\t\t\t\t\t\t\t\t<\/div>\n\t\t\t\t<\/div>\n\t\t\t\t<div class=\"elementor-element elementor-element-ed4f47c elementor-widget elementor-widget-heading\" data-id=\"ed4f47c\" data-element_type=\"widget\" data-e-type=\"widget\" data-widget_type=\"heading.default\">\n\t\t\t\t<div class=\"elementor-widget-container\">\n\t\t\t\t\t<h1 class=\"elementor-heading-title elementor-size-default\">VIADA's Mission, Vision and Values<\/h1>\t\t\t\t<\/div>\n\t\t\t\t<\/div>\n\t\t\t\t<div class=\"elementor-element elementor-element-7979ce9 elementor-widget elementor-widget-text-editor\" data-id=\"7979ce9\" data-element_type=\"widget\" data-e-type=\"widget\" data-widget_type=\"text-editor.default\">\n\t\t\t\t<div class=\"elementor-widget-container\">\n\t\t\t\t\t\t\t\t\t<p data-start=\"84\" data-end=\"352\"><strong data-start=\"84\" data-end=\"94\">Mission<\/strong><br data-start=\"94\" data-end=\"97\" \/>At Viada, we connect Finland with the Spanish-speaking world, offering innovative business solutions adapted to the needs of each client. Our goal is to provide an exceptional service that guarantees efficiency, reliability and quality.<\/p><p data-start=\"354\" data-end=\"600\"><strong data-start=\"354\" data-end=\"364\">Vision<\/strong><br data-start=\"364\" data-end=\"367\" \/>We aspire to be the most prominent and reliable business partner connecting Finland and the Spanish-speaking countries, providing strategic solutions that drive growth and sustainability for our customers.<\/p><p data-start=\"602\" data-end=\"615\"><strong data-start=\"602\" data-end=\"613\">Values<\/strong><\/p><ul data-start=\"616\" data-end=\"1319\"><li data-start=\"616\" data-end=\"798\"><strong data-start=\"618\" data-end=\"659\">Sustainability and environmental commitment<\/strong>We prioritise sustainable development, promoting responsible practices in the selection of means of transport and strategic partners.<\/li><li data-start=\"799\" data-end=\"933\"><strong data-start=\"801\" data-end=\"826\">Ethics and transparency<\/strong>We act with integrity, honesty and respect, maintaining high ethical standards in every interaction.<\/li><li data-start=\"934\" data-end=\"1139\"><strong data-start=\"936\" data-end=\"962\">Social responsibility<\/strong>We are committed to the welfare of our subcontractors, demanding fair working conditions, adequate remuneration and respect for employees' rights.<\/li><li data-start=\"1140\" data-end=\"1319\"><strong data-start=\"1142\" data-end=\"1168\">Customer orientation<\/strong>We believe in relationships based on trust and transparency, ensuring that our clients' interests are always our priority.<\/li><\/ul>\t\t\t\t\t\t\t\t<\/div>\n\t\t\t\t<\/div>\n\t\t\t\t\t<\/div>\n\t\t<\/div>\n\t\t\t\t\t<\/div>\n\t\t<\/section>\n\t\t\t\t<section class=\"elementor-section elementor-top-section elementor-element elementor-element-2e7ded8 elementor-hidden-desktop elementor-hidden-tablet elementor-hidden-mobile elementor-section-boxed elementor-section-height-default elementor-section-height-default\" data-id=\"2e7ded8\" data-element_type=\"section\" data-e-type=\"section\">\n\t\t\t\t\t\t<div class=\"elementor-container elementor-column-gap-default\">\n\t\t\t\t\t<div class=\"elementor-column elementor-col-100 elementor-top-column elementor-element elementor-element-4e92da6\" data-id=\"4e92da6\" data-element_type=\"column\" data-e-type=\"column\">\n\t\t\t<div class=\"elementor-widget-wrap elementor-element-populated\">\n\t\t\t\t\t\t<div class=\"elementor-element elementor-element-5d2b2ea elementor-widget elementor-widget-text-editor\" data-id=\"5d2b2ea\" data-element_type=\"widget\" data-e-type=\"widget\" data-widget_type=\"text-editor.default\">\n\t\t\t\t<div class=\"elementor-widget-container\">\n\t\t\t\t\t\t\t\t\t<p class=\"uk-article-lead\">VIADA is a Finnish company, founded in 1993. We offer circuit services with regular departures, <strong>excursions<\/strong> and service of <strong>guide<\/strong> y <strong>transfers<\/strong> throughout the region of <strong>Finland<\/strong> including <strong>Lapland<\/strong>.<\/p><h3><strong>Excursions and Tours in Finland!<\/strong><\/h3><h3>ALL IN ONE<\/h3><p>With more than 25 years of experience, we offer all kinds of services related to tourism for international travel agencies and tour operators.<\/p><p>From circuits with regular departures, transfer services, hotel reservations, cabins and glass igloos, restaurants, excursions, monuments and local guides. In short, everything you need to organise a successful trip.<\/p><h3>TAILOR-MADE SERVICE<\/h3><p>Receive the best recommendations from our professional team, we create the ideal trip based on your needs and budget.<\/p><h3>GROUPS<\/h3><p>Everything you need for groups and special requests in Finland and Lapland. Tailor-made tours, accommodation in charming hotels, transfers, special visits, dinners in emblematic places. Free yourself from worries and let us make your life easy.\u00a0<\/p><h3>LOCAL EXPERTS<\/h3><p>Get advice from real local experts born and bred in Finland.<\/p><p>VIADA is affiliated to the following organisations:<\/p><p><img decoding=\"async\" class=\"alignnone wp-image-34 size-full\" src=\"https:\/\/viada.com\/wp-content\/uploads\/2021\/03\/q1000.jpg\" alt=\"\" width=\"175\" height=\"85\" \/><img decoding=\"async\" class=\"alignnone wp-image-35 size-full\" src=\"https:\/\/viada.com\/wp-content\/uploads\/2021\/03\/visit_finland.jpg\" alt=\"\" width=\"190\" height=\"85\" \/><\/p>\t\t\t\t\t\t\t\t<\/div>\n\t\t\t\t<\/div>\n\t\t\t\t\t<\/div>\n\t\t<\/div>\n\t\t\t\t\t<\/div>\n\t\t<\/section>\n\t\t\t\t<\/div>","protected":false},"excerpt":{"rendered":"<p>Viada \u2013 Experiencias de Viajes Personalizadas en Finlandia y Laponia QUIENES SOMOS Viada ofrece servicios de viaje receptivo personalizados en Finlandia y Laponia, dise\u00f1ando itinerarios a medida para individuos, grupos y empresas. Ya sea una aventura \u00e1rtica, un tour cultural o un evento corporativo, garantizamos una experiencia fluida e inolvidable. Desde la planificaci\u00f3n de viajes [&hellip;]<\/p>\n","protected":false},"author":1,"featured_media":0,"parent":0,"menu_order":0,"comment_status":"closed","ping_status":"closed","template":"elementor_header_footer","meta":{"_acf_changed":false,"site-sidebar-layout":"no-sidebar","site-content-layout":"default","ast-site-content-layout":"default","site-content-style":"default","site-sidebar-style":"default","ast-global-header-display":"","ast-banner-title-visibility":"","ast-main-header-display":"","ast-hfb-above-header-display":"","ast-hfb-below-header-display":"","ast-hfb-mobile-header-display":"","site-post-title":"disabled","ast-breadcrumbs-content":"","ast-featured-img":"disabled","footer-sml-layout":"","ast-disable-related-posts":"","theme-transparent-header-meta":"default","adv-header-id-meta":"","stick-header-meta":"","header-above-stick-meta":"","header-main-stick-meta":"","header-below-stick-meta":"","astra-migrate-meta-layouts":"set","ast-page-background-enabled":"default","ast-page-background-meta":{"desktop":{"background-color":"","background-image":"","background-repeat":"repeat","background-position":"center center","background-size":"auto","background-attachment":"scroll","background-type":"","background-media":"","overlay-type":"","overlay-color":"","overlay-opacity":"","overlay-gradient":""},"tablet":{"background-color":"","background-image":"","background-repeat":"repeat","background-position":"center center","background-size":"auto","background-attachment":"scroll","background-type":"","background-media":"","overlay-type":"","overlay-color":"","overlay-opacity":"","overlay-gradient":""},"mobile":{"background-color":"","background-image":"","background-repeat":"repeat","background-position":"center center","background-size":"auto","background-attachment":"scroll","background-type":"","background-media":"","overlay-type":"","overlay-color":"","overlay-opacity":"","overlay-gradient":""}},"ast-content-background-meta":{"desktop":{"background-color":"var(--ast-global-color-5)","background-image":"","background-repeat":"repeat","background-position":"center center","background-size":"auto","background-attachment":"scroll","background-type":"","background-media":"","overlay-type":"","overlay-color":"","overlay-opacity":"","overlay-gradient":""},"tablet":{"background-color":"var(--ast-global-color-5)","background-image":"","background-repeat":"repeat","background-position":"center center","background-size":"auto","background-attachment":"scroll","background-type":"","background-media":"","overlay-type":"","overlay-color":"","overlay-opacity":"","overlay-gradient":""},"mobile":{"background-color":"var(--ast-global-color-5)","background-image":"","background-repeat":"repeat","background-position":"center center","background-size":"auto","background-attachment":"scroll","background-type":"","background-media":"","overlay-type":"","overlay-color":"","overlay-opacity":"","overlay-gradient":""}},"_joinchat":[],"footnotes":""},"categories":[],"tags":[],"class_list":["post-32","page","type-page","status-publish","hentry"],"acf":[],"_links":{"self":[{"href":"https:\/\/viada.com\/en\/wp-json\/wp\/v2\/pages\/32","targetHints":{"allow":["GET"]}}],"collection":[{"href":"https:\/\/viada.com\/en\/wp-json\/wp\/v2\/pages"}],"about":[{"href":"https:\/\/viada.com\/en\/wp-json\/wp\/v2\/types\/page"}],"author":[{"embeddable":true,"href":"https:\/\/viada.com\/en\/wp-json\/wp\/v2\/users\/1"}],"replies":[{"embeddable":true,"href":"https:\/\/viada.com\/en\/wp-json\/wp\/v2\/comments?post=32"}],"version-history":[{"count":7,"href":"https:\/\/viada.com\/en\/wp-json\/wp\/v2\/pages\/32\/revisions"}],"predecessor-version":[{"id":6124,"href":"https:\/\/viada.com\/en\/wp-json\/wp\/v2\/pages\/32\/revisions\/6124"}],"wp:attachment":[{"href":"https:\/\/viada.com\/en\/wp-json\/wp\/v2\/media?parent=32"}],"wp:term":[{"taxonomy":"category","embeddable":true,"href":"https:\/\/viada.com\/en\/wp-json\/wp\/v2\/categories?post=32"},{"taxonomy":"post_tag","embeddable":true,"href":"https:\/\/viada.com\/en\/wp-json\/wp\/v2\/tags?post=32"}],"curies":[{"name":"wp","href":"https:\/\/api.w.org\/{rel}","templated":true}]}}