{"id":4791,"date":"2025-09-24T09:02:04","date_gmt":"2025-09-24T09:02:04","guid":{"rendered":"https:\/\/viada.com\/?page_id=4791"},"modified":"2025-12-28T09:27:39","modified_gmt":"2025-12-28T09:27:39","slug":"about-finland","status":"publish","type":"page","link":"https:\/\/viada.com\/en\/sobre-finlandia\/","title":{"rendered":"About Finland"},"content":{"rendered":"\t\t<div data-elementor-type=\"wp-page\" data-elementor-id=\"4791\" class=\"elementor elementor-4791\" data-elementor-post-type=\"page\">\n\t\t\t\t\t\t<section class=\"elementor-section elementor-top-section elementor-element elementor-element-7e725a8 elementor-section-height-min-height elementor-section-boxed elementor-section-height-default elementor-section-items-middle\" data-id=\"7e725a8\" data-element_type=\"section\" data-e-type=\"section\" data-settings=\"{&quot;background_background&quot;:&quot;classic&quot;}\">\n\t\t\t\t\t\t\t<div class=\"elementor-background-overlay\"><\/div>\n\t\t\t\t\t\t\t<div class=\"elementor-container elementor-column-gap-default\">\n\t\t\t\t\t<div class=\"elementor-column elementor-col-100 elementor-top-column elementor-element elementor-element-5c4f599\" data-id=\"5c4f599\" data-element_type=\"column\" data-e-type=\"column\">\n\t\t\t<div class=\"elementor-widget-wrap elementor-element-populated\">\n\t\t\t\t\t\t<div class=\"elementor-element elementor-element-29e9681 elementor-widget elementor-widget-heading\" data-id=\"29e9681\" data-element_type=\"widget\" data-e-type=\"widget\" data-widget_type=\"heading.default\">\n\t\t\t\t<div class=\"elementor-widget-container\">\n\t\t\t\t\t<h1 class=\"elementor-heading-title elementor-size-default\">\u00a1Descubre la magia de Finlandia!<\/h1>\t\t\t\t<\/div>\n\t\t\t\t<\/div>\n\t\t\t\t<div class=\"elementor-element elementor-element-60b47a2 elementor-widget elementor-widget-heading\" data-id=\"60b47a2\" data-element_type=\"widget\" data-e-type=\"widget\" data-widget_type=\"heading.default\">\n\t\t\t\t<div class=\"elementor-widget-container\">\n\t\t\t\t\t<h2 class=\"elementor-heading-title elementor-size-default\">Experimenta Finlandia, descubriendo sus lugares \u00fanicos con sus espectaculares paisajes naturales.<\/h2>\t\t\t\t<\/div>\n\t\t\t\t<\/div>\n\t\t\t\t\t<\/div>\n\t\t<\/div>\n\t\t\t\t\t<\/div>\n\t\t<\/section>\n\t\t\t\t<section class=\"elementor-section elementor-top-section elementor-element elementor-element-635c934 elementor-section-boxed elementor-section-height-default elementor-section-height-default\" data-id=\"635c934\" data-element_type=\"section\" data-e-type=\"section\">\n\t\t\t\t\t\t<div class=\"elementor-container elementor-column-gap-default\">\n\t\t\t\t\t<div class=\"elementor-column elementor-col-100 elementor-top-column elementor-element elementor-element-a65bcac\" data-id=\"a65bcac\" data-element_type=\"column\" data-e-type=\"column\">\n\t\t\t<div class=\"elementor-widget-wrap elementor-element-populated\">\n\t\t\t\t\t\t<div class=\"elementor-element elementor-element-26fa14c elementor-widget elementor-widget-heading\" data-id=\"26fa14c\" data-element_type=\"widget\" data-e-type=\"widget\" data-widget_type=\"heading.default\">\n\t\t\t\t<div class=\"elementor-widget-container\">\n\t\t\t\t\t<h2 class=\"elementor-heading-title elementor-size-default\">\u00bfQu\u00e9 tiene Finlandia que ofrecerte?<\/h2>\t\t\t\t<\/div>\n\t\t\t\t<\/div>\n\t\t\t\t\t<\/div>\n\t\t<\/div>\n\t\t\t\t\t<\/div>\n\t\t<\/section>\n\t\t\t\t<section class=\"elementor-section elementor-top-section elementor-element elementor-element-001669c elementor-section-boxed elementor-section-height-default elementor-section-height-default\" data-id=\"001669c\" data-element_type=\"section\" data-e-type=\"section\">\n\t\t\t\t\t\t<div class=\"elementor-container elementor-column-gap-default\">\n\t\t\t\t\t<div class=\"elementor-column elementor-col-50 elementor-top-column elementor-element elementor-element-6926b39\" data-id=\"6926b39\" data-element_type=\"column\" data-e-type=\"column\">\n\t\t\t<div class=\"elementor-widget-wrap elementor-element-populated\">\n\t\t\t\t\t\t<div class=\"elementor-element elementor-element-5a8e71d elementor-widget elementor-widget-text-editor\" data-id=\"5a8e71d\" data-element_type=\"widget\" data-e-type=\"widget\" data-widget_type=\"text-editor.default\">\n\t\t\t\t<div class=\"elementor-widget-container\">\n\t\t\t\t\t\t\t\t\t<h3>Descubre Finlandia<\/h3>\n<p>Finlandia combina naturaleza salvaje con innovaci\u00f3n moderna en 338.000 km\u00b2 de territorio n\u00f3rdico. Sus 5,5 millones de habitantes disfrutan del mejor sistema educativo mundial y la mayor densidad de saunas del planeta: una por cada dos personas.<br>Capital: <b>Helsinki <\/b>| Idiomas: <b>Fin\u00e9s<\/b>, <b>Sueco <\/b>| Moneda: <b>Euro<\/b> | Zona horaria: <b>GMT+2<\/b><\/p>\t\t\t\t\t\t\t\t<\/div>\n\t\t\t\t<\/div>\n\t\t\t\t<div class=\"elementor-element elementor-element-e1a6ba7 elementor-widget elementor-widget-text-editor\" data-id=\"e1a6ba7\" data-element_type=\"widget\" data-e-type=\"widget\" data-widget_type=\"text-editor.default\">\n\t\t\t\t<div class=\"elementor-widget-container\">\n\t\t\t\t\t\t\t\t\t<h3>Geograf\u00eda y Territorio<\/h3><h4>Los Mil Lagos<\/h4><p>Finlandia alberga 188.000 lagos que cubren el 10% del pa\u00eds. El lago Saimaa, con 4.400 km\u00b2, protege la \u00fanica foca de agua dulce del mundo. Los bosques ocupan el 75% del territorio, convirtiendo al pa\u00eds en el m\u00e1s boscoso de Europa.<\/p><h4>Regiones Principales<\/h4><p><strong>Laponia Finlandesa<\/strong> ocupa un tercio del pa\u00eds. Rovaniemi marca el inicio del C\u00edrculo Polar \u00c1rtico. Aqu\u00ed viven 180.000 personas y 200.000 renos. El sol no se pone durante 73 d\u00edas en verano ni sale en 51 d\u00edas de invierno.<\/p><p><strong>Helsinki y Regi\u00f3n Capital<\/strong> concentra 1,5 millones de habitantes. La arquitectura combina neoclasicismo, art nouveau y dise\u00f1o contempor\u00e1neo. El archipi\u00e9lago de Helsinki incluye 330 islas conectadas por ferries.<\/p><p><strong>Regi\u00f3n de los Lagos<\/strong> forma el mayor sistema lacustre de Europa. Savonlinna, con su castillo Olavinlinna del siglo XV, acoge el festival de \u00f3pera m\u00e1s prestigioso del norte europeo cada julio.<\/p>\t\t\t\t\t\t\t\t<\/div>\n\t\t\t\t<\/div>\n\t\t\t\t<div class=\"elementor-element elementor-element-90635ad elementor-widget elementor-widget-text-editor\" data-id=\"90635ad\" data-element_type=\"widget\" data-e-type=\"widget\" data-widget_type=\"text-editor.default\">\n\t\t\t\t<div class=\"elementor-widget-container\">\n\t\t\t\t\t\t\t\t\t<h3>Cultura y Sociedad<\/h3><h4>El Concepto Finland\u00e9s de Bienestar<\/h4><p><strong>Sauna<\/strong>: 3,3 millones de saunas para 5,5 millones de habitantes. La temperatura tradicional oscila entre 80-100\u00b0C. El Parlamento tiene su propia sauna donde se negocian acuerdos pol\u00edticos. UNESCO la declar\u00f3 Patrimonio Inmaterial en 2020.<\/p><p><strong>Educaci\u00f3n:<\/strong> Sin ex\u00e1menes estandarizados hasta los 16 a\u00f1os. Los profesores requieren m\u00e1ster universitario. Finlandia lidera rankings PISA desde 2000. La educaci\u00f3n es gratuita desde preescolar hasta doctorado.<\/p><p><strong>Dise\u00f1o Nacional:<\/strong> Marimekko viste hogares desde 1951. Iittala produce vidrio desde 1881. Alvar Aalto dise\u00f1\u00f3 500 edificios que definen la arquitectura finlandesa moderna. El Design District de Helsinki agrupa 200 tiendas y estudios.<\/p>\t\t\t\t\t\t\t\t<\/div>\n\t\t\t\t<\/div>\n\t\t\t\t<div class=\"elementor-element elementor-element-4a8eeb7 elementor-widget elementor-widget-text-editor\" data-id=\"4a8eeb7\" data-element_type=\"widget\" data-e-type=\"widget\" data-widget_type=\"text-editor.default\">\n\t\t\t\t<div class=\"elementor-widget-container\">\n\t\t\t\t\t\t\t\t\t<h3>Planifica Tu Viaje<\/h3><h4>Cu\u00e1ndo Visitar<\/h4><p><strong>Auroras boreales:<\/strong> Septiembre-marzo con pico en equinoccios Sol de medianoche: Mayo-agosto seg\u00fan latitud Esqu\u00ed: Diciembre-abril con nieve garantizada en Laponia<\/p><p><strong>Navegaci\u00f3n:<\/strong> Junio-septiembre con aguas m\u00e1s c\u00e1lidas Menos turistas: Abril-mayo y septiembre-noviembre.<\/p><h4>Documentaci\u00f3n Necesaria<\/h4><p><strong>Ciudadanos UE:<\/strong> DNI o pasaporte v\u00e1lido. Espacio Schengen permite libre circulaci\u00f3n 90 d\u00edas. Seguro m\u00e9dico: Tarjeta Sanitaria Europea cubre atenci\u00f3n b\u00e1sica. Conducir: Permiso nacional v\u00e1lido, internacional recomendado para no-UE.<\/p>\t\t\t\t\t\t\t\t<\/div>\n\t\t\t\t<\/div>\n\t\t\t\t\t<\/div>\n\t\t<\/div>\n\t\t\t\t<div class=\"elementor-column elementor-col-50 elementor-top-column elementor-element elementor-element-bf40709\" data-id=\"bf40709\" data-element_type=\"column\" data-e-type=\"column\">\n\t\t\t<div class=\"elementor-widget-wrap elementor-element-populated\">\n\t\t\t\t\t\t<div class=\"elementor-element elementor-element-d8bcc59 elementor-widget elementor-widget-heading\" data-id=\"d8bcc59\" data-element_type=\"widget\" data-e-type=\"widget\" data-widget_type=\"heading.default\">\n\t\t\t\t<div class=\"elementor-widget-container\">\n\t\t\t\t\t<h3 class=\"elementor-heading-title elementor-size-default\">Datos relevantes de Finlandia<\/h3>\t\t\t\t<\/div>\n\t\t\t\t<\/div>\n\t\t\t\t<div class=\"elementor-element elementor-element-f17fd8d elementor-widget elementor-widget-text-editor\" data-id=\"f17fd8d\" data-element_type=\"widget\" data-e-type=\"widget\" data-widget_type=\"text-editor.default\">\n\t\t\t\t<div class=\"elementor-widget-container\">\n\t\t\t\t\t\t\t\t\t<p>\ud83d\udccd <strong>Informaci\u00f3n General<\/strong><\/p><ul><li>Capital: Helsinki<\/li><li>Superficie: 338.424 km\u00b2<\/li><li>Poblaci\u00f3n: 5,5 millones<\/li><li>Idiomas: Fin\u00e9s y Sueco<\/li><li>Moneda: Euro (\u20ac)<\/li><\/ul>\t\t\t\t\t\t\t\t<\/div>\n\t\t\t\t<\/div>\n\t\t\t\t<div class=\"elementor-element elementor-element-2951760 elementor-widget__width-initial elementor-widget elementor-widget-image\" data-id=\"2951760\" data-element_type=\"widget\" data-e-type=\"widget\" data-widget_type=\"image.default\">\n\t\t\t\t<div class=\"elementor-widget-container\">\n\t\t\t\t\t\t\t\t\t\t\t\t\t\t\t<img fetchpriority=\"high\" decoding=\"async\" width=\"300\" height=\"200\" src=\"https:\/\/viada.com\/wp-content\/uploads\/2025\/09\/5814-300x200.webp\" class=\"attachment-medium size-medium wp-image-4800\" alt=\"\" srcset=\"https:\/\/viada.com\/wp-content\/uploads\/2025\/09\/5814-300x200.webp 300w, https:\/\/viada.com\/wp-content\/uploads\/2025\/09\/5814-1024x682.webp 1024w, https:\/\/viada.com\/wp-content\/uploads\/2025\/09\/5814-768x511.webp 768w, https:\/\/viada.com\/wp-content\/uploads\/2025\/09\/5814.webp 1500w\" sizes=\"(max-width: 300px) 100vw, 300px\" \/>\t\t\t\t\t\t\t\t\t\t\t\t\t\t\t<\/div>\n\t\t\t\t<\/div>\n\t\t\t\t<div class=\"elementor-element elementor-element-c713f87 elementor-widget__width-initial elementor-widget elementor-widget-text-editor\" data-id=\"c713f87\" data-element_type=\"widget\" data-e-type=\"widget\" data-widget_type=\"text-editor.default\">\n\t\t\t\t<div class=\"elementor-widget-container\">\n\t\t\t\t\t\t\t\t\t<p>\ud83c\udf21\ufe0f Clima<\/p><ul><li>Verano: 15-25\u00b0C<\/li><li>Invierno: -5 a -30\u00b0C<\/li><li>Mejor \u00e9poca auroras: Sept-Marzo<\/li><li>Sol de medianoche: Jun-Jul<\/li><\/ul>\t\t\t\t\t\t\t\t<\/div>\n\t\t\t\t<\/div>\n\t\t\t\t<div class=\"elementor-element elementor-element-0fe249c elementor-widget elementor-widget-text-editor\" data-id=\"0fe249c\" data-element_type=\"widget\" data-e-type=\"widget\" data-widget_type=\"text-editor.default\">\n\t\t\t\t<div class=\"elementor-widget-container\">\n\t\t\t\t\t\t\t\t\t<p>\ud83c\udfde\ufe0f Geograf\u00eda<\/p><ul><li>Lagos: 188.000<\/li><li>Islas: 50.000<\/li><li>Bosques: 75% del pa\u00eds<\/li><li>Parques Nacionales: 40<\/li><\/ul>\t\t\t\t\t\t\t\t<\/div>\n\t\t\t\t<\/div>\n\t\t\t\t<div class=\"elementor-element elementor-element-3862368 elementor-widget elementor-widget-image\" data-id=\"3862368\" data-element_type=\"widget\" data-e-type=\"widget\" data-widget_type=\"image.default\">\n\t\t\t\t<div class=\"elementor-widget-container\">\n\t\t\t\t\t\t\t\t\t\t\t\t\t\t\t<img decoding=\"async\" width=\"1024\" height=\"1024\" src=\"https:\/\/viada.com\/wp-content\/uploads\/2025\/09\/380998315_11497771-1024x1024.png\" class=\"attachment-large size-large wp-image-4799\" alt=\"\" srcset=\"https:\/\/viada.com\/wp-content\/uploads\/2025\/09\/380998315_11497771-1024x1024.png 1024w, https:\/\/viada.com\/wp-content\/uploads\/2025\/09\/380998315_11497771-300x300.png 300w, https:\/\/viada.com\/wp-content\/uploads\/2025\/09\/380998315_11497771-150x150.png 150w, https:\/\/viada.com\/wp-content\/uploads\/2025\/09\/380998315_11497771-768x768.png 768w, https:\/\/viada.com\/wp-content\/uploads\/2025\/09\/380998315_11497771-1536x1536.png 1536w, https:\/\/viada.com\/wp-content\/uploads\/2025\/09\/380998315_11497771.png 2000w\" sizes=\"(max-width: 1024px) 100vw, 1024px\" \/>\t\t\t\t\t\t\t\t\t\t\t\t\t\t\t<\/div>\n\t\t\t\t<\/div>\n\t\t\t\t<div class=\"elementor-element elementor-element-b3a6c29 elementor-widget elementor-widget-text-editor\" data-id=\"b3a6c29\" data-element_type=\"widget\" data-e-type=\"widget\" data-widget_type=\"text-editor.default\">\n\t\t\t\t<div class=\"elementor-widget-container\">\n\t\t\t\t\t\t\t\t\t<p>\ud83c\udfaf Rankings Mundiales<\/p><ul><li>Pa\u00eds m\u00e1s feliz: #1<\/li><li>Educaci\u00f3n: Top 3<\/li><li>Calidad del aire: #1 Europa<\/li><\/ul>\t\t\t\t\t\t\t\t<\/div>\n\t\t\t\t<\/div>\n\t\t\t\t\t<\/div>\n\t\t<\/div>\n\t\t\t\t\t<\/div>\n\t\t<\/section>\n\t\t\t\t<section class=\"elementor-section elementor-top-section elementor-element elementor-element-9a43210 elementor-section-boxed elementor-section-height-default elementor-section-height-default\" data-id=\"9a43210\" data-element_type=\"section\" data-e-type=\"section\">\n\t\t\t\t\t\t<div class=\"elementor-container elementor-column-gap-default\">\n\t\t\t\t\t<div class=\"elementor-column elementor-col-100 elementor-top-column elementor-element elementor-element-6c37bb1\" data-id=\"6c37bb1\" data-element_type=\"column\" data-e-type=\"column\" data-settings=\"{&quot;background_background&quot;:&quot;classic&quot;}\">\n\t\t\t<div class=\"elementor-widget-wrap elementor-element-populated\">\n\t\t\t\t\t\t<div class=\"elementor-element elementor-element-b59b028 elementor-cta--skin-cover elementor-animated-content elementor-bg-transform elementor-bg-transform-zoom-in elementor-widget elementor-widget-call-to-action\" data-id=\"b59b028\" data-element_type=\"widget\" data-e-type=\"widget\" data-widget_type=\"call-to-action.default\">\n\t\t\t\t<div class=\"elementor-widget-container\">\n\t\t\t\t\t\t\t<div class=\"elementor-cta\">\n\t\t\t\t\t<div class=\"elementor-cta__bg-wrapper\">\n\t\t\t\t<div class=\"elementor-cta__bg elementor-bg\" style=\"background-image: url(https:\/\/viada.com\/wp-content\/uploads\/2025\/01\/Aurora-Boreales-photo-Antti-Pietikainen-Visit-Finland.jpg);\" role=\"img\" aria-label=\"Aurora Boreales photo by Antti Pietik\u00e4inen \/ Visit Finland\"><\/div>\n\t\t\t\t<div class=\"elementor-cta__bg-overlay\"><\/div>\n\t\t\t<\/div>\n\t\t\t\t\t\t\t<div class=\"elementor-cta__content\">\n\t\t\t\t\n\t\t\t\t\t\t\t\t\t<h2 class=\"elementor-cta__title elementor-cta__content-item elementor-content-item elementor-animated-item--grow\">\n\t\t\t\t\t\t\u00bfQue hacer en Finlandia?\t\t\t\t\t<\/h2>\n\t\t\t\t\n\t\t\t\t\t\t\t\t\t<span class=\"elementor-cta__description elementor-cta__content-item elementor-content-item elementor-animated-item--grow\">\n\t\t\t\t\t\tDescubre la variedad de actividades que Viada te ofrece en los distintos puntos de Finlandia.\t\t\t\t\t<\/span>\n\t\t\t\t\n\t\t\t\t\t\t\t\t\t<div class=\"elementor-cta__button-wrapper elementor-cta__content-item elementor-content-item elementor-animated-item--grow\">\n\t\t\t\t\t<a class=\"elementor-cta__button elementor-button elementor-size-\" href=\"https:\/\/viada.com\/actividades\/\">\n\t\t\t\t\t\tDescubre nuestras actividades\t\t\t\t\t<\/a>\n\t\t\t\t\t<\/div>\n\t\t\t\t\t\t\t<\/div>\n\t\t\t\t\t\t<\/div>\n\t\t\t\t\t\t<\/div>\n\t\t\t\t<\/div>\n\t\t\t\t\t<\/div>\n\t\t<\/div>\n\t\t\t\t\t<\/div>\n\t\t<\/section>\n\t\t\t\t<section class=\"elementor-section elementor-top-section elementor-element elementor-element-85873b5 elementor-section-boxed elementor-section-height-default elementor-section-height-default\" data-id=\"85873b5\" data-element_type=\"section\" data-e-type=\"section\">\n\t\t\t\t\t\t<div class=\"elementor-container elementor-column-gap-default\">\n\t\t\t\t\t<div class=\"elementor-column elementor-col-50 elementor-top-column elementor-element elementor-element-6ba5ade\" data-id=\"6ba5ade\" data-element_type=\"column\" data-e-type=\"column\">\n\t\t\t<div class=\"elementor-widget-wrap elementor-element-populated\">\n\t\t\t\t\t\t<div class=\"elementor-element elementor-element-ac8f5a8 elementor-widget elementor-widget-heading\" data-id=\"ac8f5a8\" data-element_type=\"widget\" data-e-type=\"widget\" data-widget_type=\"heading.default\">\n\t\t\t\t<div class=\"elementor-widget-container\">\n\t\t\t\t\t<h2 class=\"elementor-heading-title elementor-size-default\">\u00bfQuieres visitar Finlandia?<\/h2>\t\t\t\t<\/div>\n\t\t\t\t<\/div>\n\t\t\t\t<div class=\"elementor-element elementor-element-63ba034 elementor-widget elementor-widget-text-editor\" data-id=\"63ba034\" data-element_type=\"widget\" data-e-type=\"widget\" data-widget_type=\"text-editor.default\">\n\t\t\t\t<div class=\"elementor-widget-container\">\n\t\t\t\t\t\t\t\t\t<p>Contacta con nosotros para recibir informaci\u00f3n sobre este espectacular pais y descubre las mejores actividades que tenemos para ti: rutas en moto de nieve, avistamiento de osos, ski y mucho m\u00e1s en <a href=\"https:\/\/viada.com\/\">Viada.com<\/a><\/p>\t\t\t\t\t\t\t\t<\/div>\n\t\t\t\t<\/div>\n\t\t\t\t\t<\/div>\n\t\t<\/div>\n\t\t\t\t<div class=\"elementor-column elementor-col-50 elementor-top-column elementor-element elementor-element-4d0d010\" data-id=\"4d0d010\" data-element_type=\"column\" data-e-type=\"column\">\n\t\t\t<div class=\"elementor-widget-wrap elementor-element-populated\">\n\t\t\t\t\t\t<div class=\"elementor-element elementor-element-66eb5c9 elementor-button-align-stretch elementor-widget elementor-widget-form\" data-id=\"66eb5c9\" data-element_type=\"widget\" data-e-type=\"widget\" data-settings=\"{&quot;step_next_label&quot;:&quot;Siguiente&quot;,&quot;step_previous_label&quot;:&quot;Anterior&quot;,&quot;button_width&quot;:&quot;100&quot;,&quot;step_type&quot;:&quot;number_text&quot;,&quot;step_icon_shape&quot;:&quot;circle&quot;}\" data-widget_type=\"form.default\">\n\t\t\t\t<div class=\"elementor-widget-container\">\n\t\t\t\t\t\t\t<form class=\"elementor-form\" method=\"post\" name=\"Nuevo formulario\" aria-label=\"Nuevo formulario\">\n\t\t\t<input type=\"hidden\" name=\"post_id\" value=\"4791\"\/>\n\t\t\t<input type=\"hidden\" name=\"form_id\" value=\"66eb5c9\"\/>\n\t\t\t<input type=\"hidden\" name=\"referer_title\" value=\"Sobre Finlandia | VIADA OY\" \/>\n\n\t\t\t\t\t\t\t<input type=\"hidden\" name=\"queried_id\" value=\"4791\"\/>\n\t\t\t\n\t\t\t<div class=\"elementor-form-fields-wrapper elementor-labels-above\">\n\t\t\t\t\t\t\t\t<div class=\"elementor-field-type-text elementor-field-group elementor-column elementor-field-group-name elementor-col-100\">\n\t\t\t\t\t\t\t\t\t\t\t\t<label for=\"form-field-name\" class=\"elementor-field-label\">\n\t\t\t\t\t\t\t\tNombre\t\t\t\t\t\t\t<\/label>\n\t\t\t\t\t\t\t\t\t\t\t\t\t\t<input size=\"1\" type=\"text\" name=\"form_fields[name]\" id=\"form-field-name\" class=\"elementor-field elementor-size-sm  elementor-field-textual\" placeholder=\"Nombre\">\n\t\t\t\t\t\t\t\t\t\t\t<\/div>\n\t\t\t\t\t\t\t\t<div class=\"elementor-field-type-email elementor-field-group elementor-column elementor-field-group-email elementor-col-100 elementor-field-required\">\n\t\t\t\t\t\t\t\t\t\t\t\t<label for=\"form-field-email\" class=\"elementor-field-label\">\n\t\t\t\t\t\t\t\tCorreo electr\u00f3nico\t\t\t\t\t\t\t<\/label>\n\t\t\t\t\t\t\t\t\t\t\t\t\t\t<input size=\"1\" type=\"email\" name=\"form_fields[email]\" id=\"form-field-email\" class=\"elementor-field elementor-size-sm  elementor-field-textual\" placeholder=\"Correo electr\u00f3nico\" required=\"required\">\n\t\t\t\t\t\t\t\t\t\t\t<\/div>\n\t\t\t\t\t\t\t\t<div class=\"elementor-field-type-textarea elementor-field-group elementor-column elementor-field-group-message elementor-col-100\">\n\t\t\t\t\t\t\t\t\t\t\t\t<label for=\"form-field-message\" class=\"elementor-field-label\">\n\t\t\t\t\t\t\t\tMensaje\t\t\t\t\t\t\t<\/label>\n\t\t\t\t\t\t<textarea class=\"elementor-field-textual elementor-field  elementor-size-sm\" name=\"form_fields[message]\" id=\"form-field-message\" rows=\"4\" placeholder=\"Mensaje\"><\/textarea>\t\t\t\t<\/div>\n\t\t\t\t\t\t\t\t<div class=\"elementor-field-group elementor-column elementor-field-type-submit elementor-col-100 e-form__buttons\">\n\t\t\t\t\t<button class=\"elementor-button elementor-size-sm\" type=\"submit\">\n\t\t\t\t\t\t<span class=\"elementor-button-content-wrapper\">\n\t\t\t\t\t\t\t\t\t\t\t\t\t\t\t\t\t\t\t\t\t\t<span class=\"elementor-button-text\">Enviar<\/span>\n\t\t\t\t\t\t\t\t\t\t\t\t\t<\/span>\n\t\t\t\t\t<\/button>\n\t\t\t\t<\/div>\n\t\t\t<\/div>\n\t\t<\/form>\n\t\t\t\t\t\t<\/div>\n\t\t\t\t<\/div>\n\t\t\t\t\t<\/div>\n\t\t<\/div>\n\t\t\t\t\t<\/div>\n\t\t<\/section>\n\t\t\t\t<\/div>\n\t\t","protected":false},"excerpt":{"rendered":"<p>\u00a1Descubre la magia de Finlandia! Experimenta Finlandia, descubriendo sus lugares \u00fanicos con sus espectaculares paisajes naturales. \u00bfQu\u00e9 tiene Finlandia que ofrecerte? Descubre Finlandia Finlandia combina naturaleza salvaje con innovaci\u00f3n moderna en 338.000 km\u00b2 de territorio n\u00f3rdico. Sus 5,5 millones de habitantes disfrutan del mejor sistema educativo mundial y la mayor densidad de saunas del planeta: [&hellip;]<\/p>\n","protected":false},"author":5,"featured_media":0,"parent":0,"menu_order":0,"comment_status":"closed","ping_status":"closed","template":"","meta":{"_acf_changed":false,"site-sidebar-layout":"no-sidebar","site-content-layout":"page-builder","ast-site-content-layout":"full-width-container","site-content-style":"default","site-sidebar-style":"default","ast-global-header-display":"","ast-banner-title-visibility":"","ast-main-header-display":"","ast-hfb-above-header-display":"","ast-hfb-below-header-display":"","ast-hfb-mobile-header-display":"","site-post-title":"disabled","ast-breadcrumbs-content":"","ast-featured-img":"disabled","footer-sml-layout":"","ast-disable-related-posts":"","theme-transparent-header-meta":"default","adv-header-id-meta":"","stick-header-meta":"","header-above-stick-meta":"","header-main-stick-meta":"","header-below-stick-meta":"","astra-migrate-meta-layouts":"set","ast-page-background-enabled":"default","ast-page-background-meta":{"desktop":{"background-color":"","background-image":"","background-repeat":"repeat","background-position":"center center","background-size":"auto","background-attachment":"scroll","background-type":"","background-media":"","overlay-type":"","overlay-color":"","overlay-opacity":"","overlay-gradient":""},"tablet":{"background-color":"","background-image":"","background-repeat":"repeat","background-position":"center center","background-size":"auto","background-attachment":"scroll","background-type":"","background-media":"","overlay-type":"","overlay-color":"","overlay-opacity":"","overlay-gradient":""},"mobile":{"background-color":"","background-image":"","background-repeat":"repeat","background-position":"center center","background-size":"auto","background-attachment":"scroll","background-type":"","background-media":"","overlay-type":"","overlay-color":"","overlay-opacity":"","overlay-gradient":""}},"ast-content-background-meta":{"desktop":{"background-color":"var(--ast-global-color-5)","background-image":"","background-repeat":"repeat","background-position":"center center","background-size":"auto","background-attachment":"scroll","background-type":"","background-media":"","overlay-type":"","overlay-color":"","overlay-opacity":"","overlay-gradient":""},"tablet":{"background-color":"var(--ast-global-color-5)","background-image":"","background-repeat":"repeat","background-position":"center center","background-size":"auto","background-attachment":"scroll","background-type":"","background-media":"","overlay-type":"","overlay-color":"","overlay-opacity":"","overlay-gradient":""},"mobile":{"background-color":"var(--ast-global-color-5)","background-image":"","background-repeat":"repeat","background-position":"center center","background-size":"auto","background-attachment":"scroll","background-type":"","background-media":"","overlay-type":"","overlay-color":"","overlay-opacity":"","overlay-gradient":""}},"_joinchat":[],"footnotes":""},"categories":[],"tags":[],"class_list":["post-4791","page","type-page","status-publish","hentry"],"acf":[],"_links":{"self":[{"href":"https:\/\/viada.com\/en\/wp-json\/wp\/v2\/pages\/4791","targetHints":{"allow":["GET"]}}],"collection":[{"href":"https:\/\/viada.com\/en\/wp-json\/wp\/v2\/pages"}],"about":[{"href":"https:\/\/viada.com\/en\/wp-json\/wp\/v2\/types\/page"}],"author":[{"embeddable":true,"href":"https:\/\/viada.com\/en\/wp-json\/wp\/v2\/users\/5"}],"replies":[{"embeddable":true,"href":"https:\/\/viada.com\/en\/wp-json\/wp\/v2\/comments?post=4791"}],"version-history":[{"count":26,"href":"https:\/\/viada.com\/en\/wp-json\/wp\/v2\/pages\/4791\/revisions"}],"predecessor-version":[{"id":6032,"href":"https:\/\/viada.com\/en\/wp-json\/wp\/v2\/pages\/4791\/revisions\/6032"}],"wp:attachment":[{"href":"https:\/\/viada.com\/en\/wp-json\/wp\/v2\/media?parent=4791"}],"wp:term":[{"taxonomy":"category","embeddable":true,"href":"https:\/\/viada.com\/en\/wp-json\/wp\/v2\/categories?post=4791"},{"taxonomy":"post_tag","embeddable":true,"href":"https:\/\/viada.com\/en\/wp-json\/wp\/v2\/tags?post=4791"}],"curies":[{"name":"wp","href":"https:\/\/api.w.org\/{rel}","templated":true}]}}