{"id":5972,"date":"2025-12-03T10:39:38","date_gmt":"2025-12-03T10:39:38","guid":{"rendered":"https:\/\/viada.com\/?page_id=5972"},"modified":"2025-12-10T14:07:05","modified_gmt":"2025-12-10T14:07:05","slug":"about-helsinki","status":"publish","type":"page","link":"https:\/\/viada.com\/en\/sobre-finlandia\/sobre-helsinki\/","title":{"rendered":"About Helsinki"},"content":{"rendered":"\t\t<div data-elementor-type=\"wp-page\" data-elementor-id=\"5972\" class=\"elementor elementor-5972\" data-elementor-post-type=\"page\">\n\t\t\t\t\t\t<section class=\"elementor-section elementor-top-section elementor-element elementor-element-c6295ba elementor-section-height-min-height elementor-section-boxed elementor-section-height-default elementor-section-items-middle\" data-id=\"c6295ba\" data-element_type=\"section\" data-e-type=\"section\" data-settings=\"{&quot;background_background&quot;:&quot;classic&quot;}\">\n\t\t\t\t\t\t\t<div class=\"elementor-background-overlay\"><\/div>\n\t\t\t\t\t\t\t<div class=\"elementor-container elementor-column-gap-default\">\n\t\t\t\t\t<div class=\"elementor-column elementor-col-100 elementor-top-column elementor-element elementor-element-02362b6\" data-id=\"02362b6\" data-element_type=\"column\" data-e-type=\"column\">\n\t\t\t<div class=\"elementor-widget-wrap elementor-element-populated\">\n\t\t\t\t\t\t<div class=\"elementor-element elementor-element-1a107fb elementor-widget elementor-widget-heading\" data-id=\"1a107fb\" data-element_type=\"widget\" data-e-type=\"widget\" data-widget_type=\"heading.default\">\n\t\t\t\t<div class=\"elementor-widget-container\">\n\t\t\t\t\t<h1 class=\"elementor-heading-title elementor-size-default\">\u00a1Descubre la magia de Helsinki!<\/h1>\t\t\t\t<\/div>\n\t\t\t\t<\/div>\n\t\t\t\t<div class=\"elementor-element elementor-element-da4d4f8 elementor-widget elementor-widget-heading\" data-id=\"da4d4f8\" data-element_type=\"widget\" data-e-type=\"widget\" data-widget_type=\"heading.default\">\n\t\t\t\t<div class=\"elementor-widget-container\">\n\t\t\t\t\t<h2 class=\"elementor-heading-title elementor-size-default\">Explora Helsinki, la vibrante capital de Finlandia, con su mezcla \u00fanica de mar B\u00e1ltico, dise\u00f1o innovador y naturaleza urbana.<\/h2>\t\t\t\t<\/div>\n\t\t\t\t<\/div>\n\t\t\t\t\t<\/div>\n\t\t<\/div>\n\t\t\t\t\t<\/div>\n\t\t<\/section>\n\t\t\t\t<section class=\"elementor-section elementor-top-section elementor-element elementor-element-9918fad elementor-section-boxed elementor-section-height-default elementor-section-height-default\" data-id=\"9918fad\" data-element_type=\"section\" data-e-type=\"section\">\n\t\t\t\t\t\t<div class=\"elementor-container elementor-column-gap-default\">\n\t\t\t\t\t<div class=\"elementor-column elementor-col-100 elementor-top-column elementor-element elementor-element-713e7d8\" data-id=\"713e7d8\" data-element_type=\"column\" data-e-type=\"column\">\n\t\t\t<div class=\"elementor-widget-wrap elementor-element-populated\">\n\t\t\t\t\t\t<div class=\"elementor-element elementor-element-6022391 elementor-widget elementor-widget-heading\" data-id=\"6022391\" data-element_type=\"widget\" data-e-type=\"widget\" data-widget_type=\"heading.default\">\n\t\t\t\t<div class=\"elementor-widget-container\">\n\t\t\t\t\t<h2 class=\"elementor-heading-title elementor-size-default\">\u00bfQu\u00e9 tiene Helsinki que ofrecerte?<\/h2>\t\t\t\t<\/div>\n\t\t\t\t<\/div>\n\t\t\t\t\t<\/div>\n\t\t<\/div>\n\t\t\t\t\t<\/div>\n\t\t<\/section>\n\t\t\t\t<section class=\"elementor-section elementor-top-section elementor-element elementor-element-37b8045 elementor-section-boxed elementor-section-height-default elementor-section-height-default\" data-id=\"37b8045\" data-element_type=\"section\" data-e-type=\"section\">\n\t\t\t\t\t\t<div class=\"elementor-container elementor-column-gap-default\">\n\t\t\t\t\t<div class=\"elementor-column elementor-col-50 elementor-top-column elementor-element elementor-element-d7facb3\" data-id=\"d7facb3\" data-element_type=\"column\" data-e-type=\"column\">\n\t\t\t<div class=\"elementor-widget-wrap elementor-element-populated\">\n\t\t\t\t\t\t<div class=\"elementor-element elementor-element-7755212 elementor-widget elementor-widget-text-editor\" data-id=\"7755212\" data-element_type=\"widget\" data-e-type=\"widget\" data-widget_type=\"text-editor.default\">\n\t\t\t\t<div class=\"elementor-widget-container\">\n\t\t\t\t\t\t\t\t\t<h3>Descubre Helsinki<\/h3><p>Helsinki, fundada en 1550 y capital desde 1812, se extiende por 686 km\u00b2 en una pen\u00ednsula sure\u00f1a y 315 islas del Golfo de Finlandia. Alberga unos 660.000 habitantes en la ciudad y 1,6 millones en su \u00e1rea metropolitana, siendo la capital continental europea m\u00e1s septentrional.\u200b<\/p><p>Idiomas: <strong>Fin\u00e9s<\/strong>, <strong>Sueco<\/strong> | Moneda: <strong>Euro<\/strong> | Zona horaria: <strong>GMT+2<\/strong><\/p>\t\t\t\t\t\t\t\t<\/div>\n\t\t\t\t<\/div>\n\t\t\t\t<div class=\"elementor-element elementor-element-10e9e96 elementor-widget elementor-widget-text-editor\" data-id=\"10e9e96\" data-element_type=\"widget\" data-e-type=\"widget\" data-widget_type=\"text-editor.default\">\n\t\t\t\t<div class=\"elementor-widget-container\">\n\t\t\t\t\t\t\t\t\t<h3>Geograf\u00eda y Territorio<\/h3><h4>La Ciudad del Mar<\/h4><p>Helsinki se asoma al <strong>Golfo de Finlandia<\/strong>, con un litoral de bah\u00edas, <strong>playas<\/strong> y archipi\u00e9lagos como Suomenlinna, accesibles por ferries. Un tercio de su territorio son parques y <strong>zonas verdes<\/strong>, rodeada de bosques que invitan a actividades al aire libre.<\/p><h4>Regiones Principales<\/h4><p>El centro en la <strong>pen\u00ednsula de Vironniemi<\/strong> destaca por su arquitectura neocl\u00e1sica y art nouveau. <br \/>La <strong>regi\u00f3n metropolitana<\/strong> incluye Espoo, Vantaa y suburbios insulares como Seurasaari y Korkeasaari, hogar del zool\u00f3gico principal.<\/p><p>El archipi\u00e9lago de\u00a0<a href=\"https:\/\/viada.com\/actividades\/circuito-por-los-lagos-de-finlandia\/\" target=\"_blank\" rel=\"noopener\">300\u00a0islas<\/a><a href=\"https:\/\/viada.com\/actividades\/circuito-por-los-lagos-de-finlandia\/\" target=\"_blank\" rel=\"noopener\">\u00a0<\/a>ofrece rutas mar\u00edtimas y reservas naturales, mientras el interior conecta con lagos y bosques finlandeses cercanos.<\/p>\t\t\t\t\t\t\t\t<\/div>\n\t\t\t\t<\/div>\n\t\t\t\t<div class=\"elementor-element elementor-element-137f2ee elementor-widget elementor-widget-text-editor\" data-id=\"137f2ee\" data-element_type=\"widget\" data-e-type=\"widget\" data-widget_type=\"text-editor.default\">\n\t\t\t\t<div class=\"elementor-widget-container\">\n\t\t\t\t\t\t\t\t\t<h3>Cultura y Sociedad<\/h3><h4>Dise\u00f1o y Arquitectura<\/h4><p>Conocida como \u00ab<strong>Ciudad Blanca del Norte<\/strong>\u00bb por su granito claro, Helsinki fusiona <strong>neoclasicismo<\/strong> con dise\u00f1os modernos.\u00a0<\/p><p>Considerada como la Ciudad del Dise\u00f1o seg\u00fan la <a href=\"https:\/\/www.unesco.org\/en\/creative-cities\/helsinki\" rel=\"nofollow noopener\" target=\"_blank\">UNESCO<\/a> desde 2012, el Design District concentra 200 tiendas, estudios y galer\u00edas que fusionan tradici\u00f3n finlandesa con innovaci\u00f3n sostenible.<\/p><h4 class=\"mb-2 mt-4 font-display font-semimedium text-base first:mt-0\">Eventos y Vida Urbana<\/h4><p>Helsinki bulle con festivales como el de Jazz de Helsinki y museos emblem\u00e1ticos o la <a href=\"https:\/\/whc.unesco.org\/en\/list\/583\/\" rel=\"nofollow noopener\" target=\"_blank\">fortaleza de Suomenlinna<\/a> y Kiasma.\u200b<\/p><p>Su metro, el m\u00e1s septentrional del mundo, conecta barrios vibrantes, mientras el puerto impulsa turismo y cruceros. <br \/><br \/>La econom\u00eda lidera en tecnolog\u00eda (Nokia origen), startups y dise\u00f1o, atrayendo n\u00f3madas digitales.<\/p>\t\t\t\t\t\t\t\t<\/div>\n\t\t\t\t<\/div>\n\t\t\t\t<div class=\"elementor-element elementor-element-38bbb47 elementor-widget elementor-widget-text-editor\" data-id=\"38bbb47\" data-element_type=\"widget\" data-e-type=\"widget\" data-widget_type=\"text-editor.default\">\n\t\t\t\t<div class=\"elementor-widget-container\">\n\t\t\t\t\t\t\t\t\t<h3>Planifica Tu Viaje<\/h3><h4>Cu\u00e1ndo Visitar<\/h4><p><strong>Verano (junio-agosto)<\/strong>: Sol de medianoche y festivales al aire libre.<br \/><strong>Invierno (diciembre-marzo)<\/strong>: Auroras boreales cercanas y mercados navide\u00f1os. <strong>Primavera\/oto\u00f1o:<\/strong> Menos turistas y naturaleza en transici\u00f3n<\/p><h4>Documentaci\u00f3n Necesaria<\/h4><p><strong>Ciudadanos UE:<\/strong> DNI o pasaporte v\u00e1lido. Espacio Schengen permite libre circulaci\u00f3n 90 d\u00edas. Seguro m\u00e9dico: Tarjeta Sanitaria Europea cubre atenci\u00f3n b\u00e1sica. Conducir: Permiso nacional v\u00e1lido, internacional recomendado para no-UE.<\/p>\t\t\t\t\t\t\t\t<\/div>\n\t\t\t\t<\/div>\n\t\t\t\t\t<\/div>\n\t\t<\/div>\n\t\t\t\t<div class=\"elementor-column elementor-col-50 elementor-top-column elementor-element elementor-element-053f025\" data-id=\"053f025\" data-element_type=\"column\" data-e-type=\"column\">\n\t\t\t<div class=\"elementor-widget-wrap elementor-element-populated\">\n\t\t\t\t\t\t<div class=\"elementor-element elementor-element-f59e8d9 elementor-widget-mobile__width-initial elementor-widget elementor-widget-heading\" data-id=\"f59e8d9\" data-element_type=\"widget\" data-e-type=\"widget\" data-widget_type=\"heading.default\">\n\t\t\t\t<div class=\"elementor-widget-container\">\n\t\t\t\t\t<h3 class=\"elementor-heading-title elementor-size-default\">Datos relevantes de Finlandia<\/h3>\t\t\t\t<\/div>\n\t\t\t\t<\/div>\n\t\t\t\t<div class=\"elementor-element elementor-element-d909e65 elementor-widget elementor-widget-text-editor\" data-id=\"d909e65\" data-element_type=\"widget\" data-e-type=\"widget\" data-widget_type=\"text-editor.default\">\n\t\t\t\t<div class=\"elementor-widget-container\">\n\t\t\t\t\t\t\t\t\t<p>\ud83d\udccd <strong>Informaci\u00f3n General<\/strong><\/p>\n<ul>\n<li>\n<p>Capital de&nbsp;<a href=\"https:\/\/viada.com\/sobre-finlandia\/\" target=\"_blank\" style=\"font-style: inherit; background-color: rgb(255, 255, 255);\">Finlandia<\/a><\/p>\n<\/li>\n<li>\n<p>Superficie: 686 km\u00b2 (186 km\u00b2 tierra)<\/p>\n<\/li>\n<li>\n<p>Poblaci\u00f3n: 660.000 (1,6M metropolitana)<\/p>\n<\/li>\n<li>\n<p>Idiomas: Fin\u00e9s y Sueco<\/p>\n<\/li>\n<li>\n<p>Moneda: Euro (\u20ac)<\/p>\n<\/li>\n<\/ul>\t\t\t\t\t\t\t\t<\/div>\n\t\t\t\t<\/div>\n\t\t\t\t<div class=\"elementor-element elementor-element-00315a5 elementor-widget__width-initial elementor-widget elementor-widget-image\" data-id=\"00315a5\" data-element_type=\"widget\" data-e-type=\"widget\" data-widget_type=\"image.default\">\n\t\t\t\t<div class=\"elementor-widget-container\">\n\t\t\t\t\t\t\t\t\t\t\t\t\t\t\t<img fetchpriority=\"high\" decoding=\"async\" width=\"864\" height=\"1536\" src=\"https:\/\/viada.com\/wp-content\/uploads\/2025\/12\/HELSINKI1_13_11zon-864x1536.webp\" class=\"attachment-1536x1536 size-1536x1536 wp-image-5907\" alt=\"\" srcset=\"https:\/\/viada.com\/wp-content\/uploads\/2025\/12\/HELSINKI1_13_11zon-864x1536.webp 864w, https:\/\/viada.com\/wp-content\/uploads\/2025\/12\/HELSINKI1_13_11zon-169x300.webp 169w, https:\/\/viada.com\/wp-content\/uploads\/2025\/12\/HELSINKI1_13_11zon-576x1024.webp 576w, https:\/\/viada.com\/wp-content\/uploads\/2025\/12\/HELSINKI1_13_11zon-768x1365.webp 768w, https:\/\/viada.com\/wp-content\/uploads\/2025\/12\/HELSINKI1_13_11zon-1152x2048.webp 1152w, https:\/\/viada.com\/wp-content\/uploads\/2025\/12\/HELSINKI1_13_11zon-7x12.webp 7w, https:\/\/viada.com\/wp-content\/uploads\/2025\/12\/HELSINKI1_13_11zon-scaled.webp 1440w\" sizes=\"(max-width: 864px) 100vw, 864px\" \/>\t\t\t\t\t\t\t\t\t\t\t\t\t\t\t<\/div>\n\t\t\t\t<\/div>\n\t\t\t\t<div class=\"elementor-element elementor-element-f2f3e85 elementor-widget__width-initial elementor-widget elementor-widget-text-editor\" data-id=\"f2f3e85\" data-element_type=\"widget\" data-e-type=\"widget\" data-widget_type=\"text-editor.default\">\n\t\t\t\t<div class=\"elementor-widget-container\">\n\t\t\t\t\t\t\t\t\t<p>\ud83c\udf21\ufe0f Clima<\/p><ul><li><p>Verano: 15-25\u00b0C<\/p><\/li><li><p>Invierno: -5 a -20\u00b0C<\/p><\/li><li><p>Sol de medianoche: Jun-Jul<\/p><\/li><li><p>Auroras: Sep-Mar<\/p><\/li><\/ul>\t\t\t\t\t\t\t\t<\/div>\n\t\t\t\t<\/div>\n\t\t\t\t<div class=\"elementor-element elementor-element-2d4afdb elementor-widget elementor-widget-text-editor\" data-id=\"2d4afdb\" data-element_type=\"widget\" data-e-type=\"widget\" data-widget_type=\"text-editor.default\">\n\t\t\t\t<div class=\"elementor-widget-container\">\n\t\t\t\t\t\t\t\t\t<p>\ud83c\udfde\ufe0f Geograf\u00eda<\/p><ul><li><p>Islas: 315+<\/p><\/li><li><p>Parques: 1\/3 del territorio<\/p><\/li><li><p>Archipi\u00e9lago: 300 islas<\/p><\/li><li><p>Bosques urbanos: Abundantes<\/p><\/li><\/ul>\t\t\t\t\t\t\t\t<\/div>\n\t\t\t\t<\/div>\n\t\t\t\t<div class=\"elementor-element elementor-element-8c11f28 elementor-widget elementor-widget-text-editor\" data-id=\"8c11f28\" data-element_type=\"widget\" data-e-type=\"widget\" data-widget_type=\"text-editor.default\">\n\t\t\t\t<div class=\"elementor-widget-container\">\n\t\t\t\t\t\t\t\t\t<p>\ud83c\udfaf Rankings Mundiales<\/p><ul><li><p>Capital UE m\u00e1s septentrional<\/p><\/li><li><p>Ciudad del Dise\u00f1o UNESCO<\/p><\/li><li><p>Mejor calidad de aire Europa (regi\u00f3n)<\/p><\/li><li><p>Pa\u00eds m\u00e1s feliz: #1 (Finlandia)<\/p><\/li><\/ul>\t\t\t\t\t\t\t\t<\/div>\n\t\t\t\t<\/div>\n\t\t\t\t\t<\/div>\n\t\t<\/div>\n\t\t\t\t\t<\/div>\n\t\t<\/section>\n\t\t\t\t<section class=\"elementor-section elementor-top-section elementor-element elementor-element-b433f88 elementor-section-boxed elementor-section-height-default elementor-section-height-default\" data-id=\"b433f88\" data-element_type=\"section\" data-e-type=\"section\">\n\t\t\t\t\t\t<div class=\"elementor-container elementor-column-gap-default\">\n\t\t\t\t\t<div class=\"elementor-column elementor-col-100 elementor-top-column elementor-element elementor-element-282335c\" data-id=\"282335c\" data-element_type=\"column\" data-e-type=\"column\" data-settings=\"{&quot;background_background&quot;:&quot;classic&quot;}\">\n\t\t\t<div class=\"elementor-widget-wrap elementor-element-populated\">\n\t\t\t\t\t\t<div class=\"elementor-element elementor-element-928fec1 elementor-cta--skin-cover elementor-animated-content elementor-bg-transform elementor-bg-transform-zoom-in elementor-widget elementor-widget-call-to-action\" data-id=\"928fec1\" data-element_type=\"widget\" data-e-type=\"widget\" data-widget_type=\"call-to-action.default\">\n\t\t\t\t<div class=\"elementor-widget-container\">\n\t\t\t\t\t\t\t<div class=\"elementor-cta\">\n\t\t\t\t\t<div class=\"elementor-cta__bg-wrapper\">\n\t\t\t\t<div class=\"elementor-cta__bg elementor-bg\" style=\"background-image: url(https:\/\/viada.com\/wp-content\/uploads\/2025\/12\/HELSINKI2_14_11zon-scaled.webp);\" role=\"img\" aria-label=\"HELSINKI2_14_11zon\"><\/div>\n\t\t\t\t<div class=\"elementor-cta__bg-overlay\"><\/div>\n\t\t\t<\/div>\n\t\t\t\t\t\t\t<div class=\"elementor-cta__content\">\n\t\t\t\t\n\t\t\t\t\t\t\t\t\t<h2 class=\"elementor-cta__title elementor-cta__content-item elementor-content-item elementor-animated-item--grow\">\n\t\t\t\t\t\t\u00bfBuscas actividades en Helsinki?\t\t\t\t\t<\/h2>\n\t\t\t\t\n\t\t\t\t\t\t\t\t\t<span class=\"elementor-cta__description elementor-cta__content-item elementor-content-item elementor-animated-item--grow\">\n\t\t\t\t\t\tDescubre la variedad de actividades que Viada te ofrece en con guias en espa\u00f1ol\t\t\t\t\t<\/span>\n\t\t\t\t\n\t\t\t\t\t\t\t\t\t<div class=\"elementor-cta__button-wrapper elementor-cta__content-item elementor-content-item elementor-animated-item--grow\">\n\t\t\t\t\t<a class=\"elementor-cta__button elementor-button elementor-size-\" href=\"https:\/\/viada.com\/actividades\/excursiones-en-helsinki\/\">\n\t\t\t\t\t\tDescubre nuestras actividades\t\t\t\t\t<\/a>\n\t\t\t\t\t<\/div>\n\t\t\t\t\t\t\t<\/div>\n\t\t\t\t\t\t<\/div>\n\t\t\t\t\t\t<\/div>\n\t\t\t\t<\/div>\n\t\t\t\t\t<\/div>\n\t\t<\/div>\n\t\t\t\t\t<\/div>\n\t\t<\/section>\n\t\t\t\t<section class=\"elementor-section elementor-top-section elementor-element elementor-element-d0ac127 elementor-section-boxed elementor-section-height-default elementor-section-height-default\" data-id=\"d0ac127\" data-element_type=\"section\" data-e-type=\"section\">\n\t\t\t\t\t\t<div class=\"elementor-container elementor-column-gap-default\">\n\t\t\t\t\t<div class=\"elementor-column elementor-col-50 elementor-top-column elementor-element elementor-element-447c707\" data-id=\"447c707\" data-element_type=\"column\" data-e-type=\"column\">\n\t\t\t<div class=\"elementor-widget-wrap elementor-element-populated\">\n\t\t\t\t\t\t<div class=\"elementor-element elementor-element-3ee8c75 elementor-widget elementor-widget-heading\" data-id=\"3ee8c75\" data-element_type=\"widget\" data-e-type=\"widget\" data-widget_type=\"heading.default\">\n\t\t\t\t<div class=\"elementor-widget-container\">\n\t\t\t\t\t<h2 class=\"elementor-heading-title elementor-size-default\">\u00bfQuieres visitar Helsinki?<\/h2>\t\t\t\t<\/div>\n\t\t\t\t<\/div>\n\t\t\t\t<div class=\"elementor-element elementor-element-03748cf elementor-widget elementor-widget-text-editor\" data-id=\"03748cf\" data-element_type=\"widget\" data-e-type=\"widget\" data-widget_type=\"text-editor.default\">\n\t\t\t\t<div class=\"elementor-widget-container\">\n\t\t\t\t\t\t\t\t\t<p>Contacta con nosotros para recibir informaci\u00f3n sobre este espectacular pais y descubre las mejores actividades que tenemos para ti: rutas en moto de nieve, avistamiento de osos, ski y mucho m\u00e1s en <a href=\"https:\/\/viada.com\/\">Viada.com<\/a><\/p>\t\t\t\t\t\t\t\t<\/div>\n\t\t\t\t<\/div>\n\t\t\t\t\t<\/div>\n\t\t<\/div>\n\t\t\t\t<div class=\"elementor-column elementor-col-50 elementor-top-column elementor-element elementor-element-b26d371\" data-id=\"b26d371\" data-element_type=\"column\" data-e-type=\"column\">\n\t\t\t<div class=\"elementor-widget-wrap elementor-element-populated\">\n\t\t\t\t\t\t<div class=\"elementor-element elementor-element-9900b25 elementor-button-align-stretch elementor-widget elementor-widget-form\" data-id=\"9900b25\" data-element_type=\"widget\" data-e-type=\"widget\" data-settings=\"{&quot;step_next_label&quot;:&quot;Siguiente&quot;,&quot;step_previous_label&quot;:&quot;Anterior&quot;,&quot;button_width&quot;:&quot;100&quot;,&quot;step_type&quot;:&quot;number_text&quot;,&quot;step_icon_shape&quot;:&quot;circle&quot;}\" data-widget_type=\"form.default\">\n\t\t\t\t<div class=\"elementor-widget-container\">\n\t\t\t\t\t\t\t<form class=\"elementor-form\" method=\"post\" name=\"Nuevo formulario\" aria-label=\"Nuevo formulario\">\n\t\t\t<input type=\"hidden\" name=\"post_id\" value=\"5972\"\/>\n\t\t\t<input type=\"hidden\" name=\"form_id\" value=\"9900b25\"\/>\n\t\t\t<input type=\"hidden\" name=\"referer_title\" value=\"Sobre Helsinki | VIADA OY\" \/>\n\n\t\t\t\t\t\t\t<input type=\"hidden\" name=\"queried_id\" value=\"5972\"\/>\n\t\t\t\n\t\t\t<div class=\"elementor-form-fields-wrapper elementor-labels-above\">\n\t\t\t\t\t\t\t\t<div class=\"elementor-field-type-text elementor-field-group elementor-column elementor-field-group-name elementor-col-100\">\n\t\t\t\t\t\t\t\t\t\t\t\t<label for=\"form-field-name\" class=\"elementor-field-label\">\n\t\t\t\t\t\t\t\tNombre\t\t\t\t\t\t\t<\/label>\n\t\t\t\t\t\t\t\t\t\t\t\t\t\t<input size=\"1\" type=\"text\" name=\"form_fields[name]\" id=\"form-field-name\" class=\"elementor-field elementor-size-sm  elementor-field-textual\" placeholder=\"Nombre\">\n\t\t\t\t\t\t\t\t\t\t\t<\/div>\n\t\t\t\t\t\t\t\t<div class=\"elementor-field-type-email elementor-field-group elementor-column elementor-field-group-email elementor-col-100 elementor-field-required\">\n\t\t\t\t\t\t\t\t\t\t\t\t<label for=\"form-field-email\" class=\"elementor-field-label\">\n\t\t\t\t\t\t\t\tCorreo electr\u00f3nico\t\t\t\t\t\t\t<\/label>\n\t\t\t\t\t\t\t\t\t\t\t\t\t\t<input size=\"1\" type=\"email\" name=\"form_fields[email]\" id=\"form-field-email\" class=\"elementor-field elementor-size-sm  elementor-field-textual\" placeholder=\"Correo electr\u00f3nico\" required=\"required\">\n\t\t\t\t\t\t\t\t\t\t\t<\/div>\n\t\t\t\t\t\t\t\t<div class=\"elementor-field-type-textarea elementor-field-group elementor-column elementor-field-group-message elementor-col-100\">\n\t\t\t\t\t\t\t\t\t\t\t\t<label for=\"form-field-message\" class=\"elementor-field-label\">\n\t\t\t\t\t\t\t\tMensaje\t\t\t\t\t\t\t<\/label>\n\t\t\t\t\t\t<textarea class=\"elementor-field-textual elementor-field  elementor-size-sm\" name=\"form_fields[message]\" id=\"form-field-message\" rows=\"4\" placeholder=\"Mensaje\"><\/textarea>\t\t\t\t<\/div>\n\t\t\t\t\t\t\t\t<div class=\"elementor-field-group elementor-column elementor-field-type-submit elementor-col-100 e-form__buttons\">\n\t\t\t\t\t<button class=\"elementor-button elementor-size-sm\" type=\"submit\">\n\t\t\t\t\t\t<span class=\"elementor-button-content-wrapper\">\n\t\t\t\t\t\t\t\t\t\t\t\t\t\t\t\t\t\t\t\t\t\t<span class=\"elementor-button-text\">Enviar<\/span>\n\t\t\t\t\t\t\t\t\t\t\t\t\t<\/span>\n\t\t\t\t\t<\/button>\n\t\t\t\t<\/div>\n\t\t\t<\/div>\n\t\t<\/form>\n\t\t\t\t\t\t<\/div>\n\t\t\t\t<\/div>\n\t\t\t\t\t<\/div>\n\t\t<\/div>\n\t\t\t\t\t<\/div>\n\t\t<\/section>\n\t\t\t\t<\/div>\n\t\t","protected":false},"excerpt":{"rendered":"<p>\u00a1Descubre la magia de Helsinki! Explora Helsinki, la vibrante capital de Finlandia, con su mezcla \u00fanica de mar B\u00e1ltico, dise\u00f1o innovador y naturaleza urbana. \u00bfQu\u00e9 tiene Helsinki que ofrecerte? Descubre Helsinki Helsinki, fundada en 1550 y capital desde 1812, se extiende por 686 km\u00b2 en una pen\u00ednsula sure\u00f1a y 315 islas del Golfo de Finlandia. [&hellip;]<\/p>\n","protected":false},"author":5,"featured_media":0,"parent":4791,"menu_order":0,"comment_status":"closed","ping_status":"closed","template":"","meta":{"_acf_changed":false,"site-sidebar-layout":"no-sidebar","site-content-layout":"page-builder","ast-site-content-layout":"full-width-container","site-content-style":"default","site-sidebar-style":"default","ast-global-header-display":"","ast-banner-title-visibility":"","ast-main-header-display":"","ast-hfb-above-header-display":"","ast-hfb-below-header-display":"","ast-hfb-mobile-header-display":"","site-post-title":"","ast-breadcrumbs-content":"","ast-featured-img":"disabled","footer-sml-layout":"","ast-disable-related-posts":"","theme-transparent-header-meta":"default","adv-header-id-meta":"","stick-header-meta":"","header-above-stick-meta":"","header-main-stick-meta":"","header-below-stick-meta":"","astra-migrate-meta-layouts":"set","ast-page-background-enabled":"default","ast-page-background-meta":{"desktop":{"background-color":"","background-image":"","background-repeat":"repeat","background-position":"center center","background-size":"auto","background-attachment":"scroll","background-type":"","background-media":"","overlay-type":"","overlay-color":"","overlay-opacity":"","overlay-gradient":""},"tablet":{"background-color":"","background-image":"","background-repeat":"repeat","background-position":"center center","background-size":"auto","background-attachment":"scroll","background-type":"","background-media":"","overlay-type":"","overlay-color":"","overlay-opacity":"","overlay-gradient":""},"mobile":{"background-color":"","background-image":"","background-repeat":"repeat","background-position":"center center","background-size":"auto","background-attachment":"scroll","background-type":"","background-media":"","overlay-type":"","overlay-color":"","overlay-opacity":"","overlay-gradient":""}},"ast-content-background-meta":{"desktop":{"background-color":"var(--ast-global-color-5)","background-image":"","background-repeat":"repeat","background-position":"center center","background-size":"auto","background-attachment":"scroll","background-type":"","background-media":"","overlay-type":"","overlay-color":"","overlay-opacity":"","overlay-gradient":""},"tablet":{"background-color":"var(--ast-global-color-5)","background-image":"","background-repeat":"repeat","background-position":"center center","background-size":"auto","background-attachment":"scroll","background-type":"","background-media":"","overlay-type":"","overlay-color":"","overlay-opacity":"","overlay-gradient":""},"mobile":{"background-color":"var(--ast-global-color-5)","background-image":"","background-repeat":"repeat","background-position":"center center","background-size":"auto","background-attachment":"scroll","background-type":"","background-media":"","overlay-type":"","overlay-color":"","overlay-opacity":"","overlay-gradient":""}},"_joinchat":[],"footnotes":""},"categories":[],"tags":[],"class_list":["post-5972","page","type-page","status-publish","hentry"],"acf":[],"_links":{"self":[{"href":"https:\/\/viada.com\/en\/wp-json\/wp\/v2\/pages\/5972","targetHints":{"allow":["GET"]}}],"collection":[{"href":"https:\/\/viada.com\/en\/wp-json\/wp\/v2\/pages"}],"about":[{"href":"https:\/\/viada.com\/en\/wp-json\/wp\/v2\/types\/page"}],"author":[{"embeddable":true,"href":"https:\/\/viada.com\/en\/wp-json\/wp\/v2\/users\/5"}],"replies":[{"embeddable":true,"href":"https:\/\/viada.com\/en\/wp-json\/wp\/v2\/comments?post=5972"}],"version-history":[{"count":14,"href":"https:\/\/viada.com\/en\/wp-json\/wp\/v2\/pages\/5972\/revisions"}],"predecessor-version":[{"id":6008,"href":"https:\/\/viada.com\/en\/wp-json\/wp\/v2\/pages\/5972\/revisions\/6008"}],"up":[{"embeddable":true,"href":"https:\/\/viada.com\/en\/wp-json\/wp\/v2\/pages\/4791"}],"wp:attachment":[{"href":"https:\/\/viada.com\/en\/wp-json\/wp\/v2\/media?parent=5972"}],"wp:term":[{"taxonomy":"category","embeddable":true,"href":"https:\/\/viada.com\/en\/wp-json\/wp\/v2\/categories?post=5972"},{"taxonomy":"post_tag","embeddable":true,"href":"https:\/\/viada.com\/en\/wp-json\/wp\/v2\/tags?post=5972"}],"curies":[{"name":"wp","href":"https:\/\/api.w.org\/{rel}","templated":true}]}}